{"id":350,"date":"2023-01-31T13:35:37","date_gmt":"2023-01-31T12:35:37","guid":{"rendered":"http:\/\/bbbweco.cluster031.hosting.ovh.net\/editionsastarte\/produit\/scenes-datelier\/"},"modified":"2025-11-08T22:25:36","modified_gmt":"2025-11-08T21:25:36","slug":"scenes-datelier","status":"publish","type":"product","link":"https:\/\/www.editionsastarte.com\/en\/produit\/scenes-datelier\/","title":{"rendered":"SC\u00c8NES D&#8217;ATELIER"},"content":{"rendered":"<p>Alexandre DUPOUY<br \/>\nUn des 1 000 exemplaires broch\u00e9s de 96 pages (16,5 x 24)<br \/>\nDepuis que le Nu est un des piliers de l\u2019Art, l\u2019atelier du peintre est un lieu de pr\u00e9dilection pour le libertinage et les fantasmes s\u2019y attachant. Il nous est facile, par exemple, d\u2019\u00e9voquer Pascin et ses petits mod\u00e8les montmartrois et, plus proches de l\u2019artiste viennois que nous pr\u00e9sentons ici, Gustav Klimt ou Egon Schiele dont l\u2019atmosph\u00e8re \u00e9rotique des ateliers est pass\u00e9e \u00e0 la post\u00e9rit\u00e9. Rappelons-nous l\u2019abondance des repr\u00e9sentations de sc\u00e8nes de masturbation f\u00e9minine chez Klimt et les ennuis judiciaires de Schiele li\u00e9s \u00e0 sa relation \u00e9troite avec ses mod\u00e8les. Mais leurs \u0153uvres int\u00e8grent l\u2019histoire de l\u2019Art, en particulier dans la rupture avec leurs pr\u00e9d\u00e9cesseurs. \u00ab Fred \u00bb ne semble avoir particip\u00e9 \u00e0 aucune s\u00e9cession, pr\u00e9f\u00e9rant r\u00e9server une partie cons\u00e9quente de son temps \u00e0 ses plaisirs luxurieux. La pornographie est toute son inspiration ; ce que sont les nymph\u00e9as \u00e0 Monet, la montagne Sainte-Victoire \u00e0 C\u00e9zanne, les danseuses \u00e0 Degas ou les maisons closes \u00e0 Lautrec.<\/p>\n<p> &#8212; <\/p>\n<p>SC\u00c8NES D&#8217;ATELIER<br \/>\nAlexandre DUPOUY<\/p>\n<p>One of the 1,000 paper-bound copies, 16,5 by 24 cm, 96 pages<br \/>\nEnglish translation inside. Depuis que le Nu est un des piliers de l\u2019Art, l\u2019atelier du peintre est un lieu de pr\u00e9dilection pour le libertinage et les fantasmes s\u2019y attachant. Il nous est facile, par exemple, d\u2019\u00e9voquer Pascin et ses petits mod\u00e8les montmartrois et, plus proches de l\u2019artiste viennois que nous pr\u00e9sentons ici, Gustav Klimt ou Egon Schiele dont l\u2019atmosph\u00e8re \u00e9rotique des ateliers est pass\u00e9e \u00e0 la post\u00e9rit\u00e9. Rappelons-nous l\u2019abondance des repr\u00e9sentations de sc\u00e8nes de masturbation f\u00e9minine chez Klimt et les ennuis judiciaires de Schiele li\u00e9s \u00e0 sa relation \u00e9troite avec ses mod\u00e8les. Mais leurs \u0153uvres int\u00e8grent l\u2019histoire de l\u2019Art, en particulier dans la rupture avec leurs pr\u00e9d\u00e9cesseurs. \u00ab Fred \u00bb ne semble avoir particip\u00e9 \u00e0 aucune s\u00e9cession, pr\u00e9f\u00e9rant r\u00e9server une partie cons\u00e9quente de son temps \u00e0 ses plaisirs luxurieux. La pornographie est toute son inspiration ; ce que sont les nymph\u00e9as \u00e0 Monet, la montagne Sainte-Victoire \u00e0 C\u00e9zanne, les danseuses \u00e0 Degas ou les maisons closes \u00e0 Lautrec.<\/p>\n","protected":false},"excerpt":{"rendered":"<p>Alexandre DUPOUY Un des 1 000 exemplaires broch\u00e9s de 96 pages (16,5 x 24) Depuis que le Nu est un des piliers de l\u2019Art, l\u2019atelier du peintre est un lieu de pr\u00e9dilection pour le libertinage et les fantasmes s\u2019y attachant. Il nous est facile, par exemple, d\u2019\u00e9voquer Pascin et ses petits mod\u00e8les montmartrois et, plus [&#8230;]\n","protected":false},"featured_media":344,"template":"","meta":[],"product_brand":[],"product_cat":[18],"product_tag":[],"class_list":{"0":"post-350","1":"product","2":"type-product","3":"status-publish","4":"has-post-thumbnail","6":"product_cat-les-archives-de-la-photographie-erotique","8":"first","9":"instock","10":"shipping-taxable","11":"purchasable","12":"product-type-simple"},"_links":{"self":[{"href":"https:\/\/www.editionsastarte.com\/en\/wp-json\/wp\/v2\/product\/350","targetHints":{"allow":["GET"]}}],"collection":[{"href":"https:\/\/www.editionsastarte.com\/en\/wp-json\/wp\/v2\/product"}],"about":[{"href":"https:\/\/www.editionsastarte.com\/en\/wp-json\/wp\/v2\/types\/product"}],"wp:featuredmedia":[{"embeddable":true,"href":"https:\/\/www.editionsastarte.com\/en\/wp-json\/wp\/v2\/media\/344"}],"wp:attachment":[{"href":"https:\/\/www.editionsastarte.com\/en\/wp-json\/wp\/v2\/media?parent=350"}],"wp:term":[{"taxonomy":"product_brand","embeddable":true,"href":"https:\/\/www.editionsastarte.com\/en\/wp-json\/wp\/v2\/product_brand?post=350"},{"taxonomy":"product_cat","embeddable":true,"href":"https:\/\/www.editionsastarte.com\/en\/wp-json\/wp\/v2\/product_cat?post=350"},{"taxonomy":"product_tag","embeddable":true,"href":"https:\/\/www.editionsastarte.com\/en\/wp-json\/wp\/v2\/product_tag?post=350"}],"curies":[{"name":"wp","href":"https:\/\/api.w.org\/{rel}","templated":true}]}}