{"id":357,"date":"2023-01-31T13:35:38","date_gmt":"2023-01-31T12:35:38","guid":{"rendered":"http:\/\/bbbweco.cluster031.hosting.ovh.net\/editionsastarte\/produit\/les-joujoux-des-demoiselles\/"},"modified":"2026-01-05T21:02:16","modified_gmt":"2026-01-05T20:02:16","slug":"les-joujoux-des-demoiselles","status":"publish","type":"product","link":"https:\/\/www.editionsastarte.com\/en\/produit\/les-joujoux-des-demoiselles\/","title":{"rendered":"LES JOUJOUX DES DEMOISELLES"},"content":{"rendered":"<p>Pr\u00e9sent\u00e9 par Sophie RONGI\u00c9RAS<br \/>\nUn des 1 000 exemplaires broch\u00e9s de 96 pages (16,5 x 24)<br \/>\nCe livre est unique en son genre\u2026 Tandis que pullulent ouvrages de photos de nus montrant, pour la plupart, des femmes (prises par des hommes, les photos, ou prises par des hommes, les femmes), rares sont les recueils donnant \u00e0 voir des femmes en compagnie de leur propre plaisir, qu\u2019elles s\u2019octroient seules, de leurs doigts fins et agiles, ou gr\u00e2ce \u00e0 des succ\u00e9dan\u00e9s de sexes masculins. Oh, tr\u00e8s \u00e0 la mode depuis une petite dizaine d\u2019ann\u00e9es, les sextoys ont une bibliographie d\u00e9sormais plus \u00e9toff\u00e9e que la plupart des garde-robes de leurs utilisatrices. Mais des livres o\u00f9 ceux-ci rencontrent leur r\u00e9ceptacle naturel \u2013 le con de la femme \u2013, point, ou peu. Jusqu\u2019\u00e0 ce tr\u00e8s attendu et exceptionnel Joujoux des demoiselles\u2026<br \/>\nValeur ajout\u00e9e de ce recueil : les photos que vous avez sous les yeux ne datent pas d\u2019hier et sont rarissimes. Toutes droit sorties des collections priv\u00e9es d\u2019une certaine mademoiselle X, elles sont le reflet d\u2019une autre \u00e9poque, joyeuse, tendre, \u00e0 laquelle la nouveaut\u00e9 de la technique photographique pouvait ravir aux mod\u00e8les la nouveaut\u00e9 des sujets en toute libert\u00e9. Cela fleure bon le naturel, la complicit\u00e9 avec le photographe, la libert\u00e9 de mouvement, et jamais l\u2019obsc\u00e9nit\u00e9, pourtant franche, ne jette d\u2019ombre importune \u00e0 cet ensemble\u2026<\/p>\n<p> &#8212; <\/p>\n<p>LES JOUJOUX DES DEMOISELLES<br \/>\nPr\u00e9sent\u00e9 par Sophie RONGI\u00c9RAS<\/p>\n<p>One of the 1,000 paper-bound copies, 16,5 by 24 cm, 96 pages<br \/>\nEnglish translation inside. Ce livre est unique en son genre\u2026 Tandis que pullulent ouvrages de photos de nus montrant, pour la plupart, des femmes (prises par des hommes, les photos, ou prises par des hommes, les femmes), rares sont les recueils donnant \u00e0 voir des femmes en compagnie de leur propre plaisir, qu\u2019elles s\u2019octroient seules, de leurs doigts fins et agiles, ou gr\u00e2ce \u00e0 des succ\u00e9dan\u00e9s de sexes masculins. Oh, tr\u00e8s \u00e0 la mode depuis une petite dizaine d\u2019ann\u00e9es, les sextoys ont une bibliographie d\u00e9sormais plus \u00e9toff\u00e9e que la plupart des garde-robes de leurs utilisatrices. Mais des livres o\u00f9 ceux-ci rencontrent leur r\u00e9ceptacle naturel \u2013 le con de la femme \u2013, point, ou peu. Jusqu\u2019\u00e0 ce tr\u00e8s attendu et exceptionnel Joujoux des demoiselles\u2026<br \/>\nValeur ajout\u00e9e de ce recueil : les photos que vous avez sous les yeux ne datent pas d\u2019hier et sont rarissimes. Toutes droit sorties des collections priv\u00e9es d\u2019une certaine mademoiselle X, elles sont le reflet d\u2019une autre \u00e9poque, joyeuse, tendre, \u00e0 laquelle la nouveaut\u00e9 de la technique photographique pouvait ravir aux mod\u00e8les la nouveaut\u00e9 des sujets en toute libert\u00e9. Cela fleure bon le naturel, la complicit\u00e9 avec le photographe, la libert\u00e9 de mouvement, et jamais l\u2019obsc\u00e9nit\u00e9, pourtant franche, ne jette d\u2019ombre importune \u00e0 cet ensemble\u2026<\/p>\n","protected":false},"excerpt":{"rendered":"<p>Pr\u00e9sent\u00e9 par Sophie RONGI\u00c9RAS Un des 1 000 exemplaires broch\u00e9s de 96 pages (16,5 x 24) Ce livre est unique en son genre\u2026 Tandis que pullulent ouvrages de photos de nus montrant, pour la plupart, des femmes (prises par des hommes, les photos, ou prises par des hommes, les femmes), rares sont les recueils donnant [&#8230;]\n","protected":false},"featured_media":351,"template":"","meta":[],"product_brand":[],"product_cat":[18],"product_tag":[],"class_list":{"0":"post-357","1":"product","2":"type-product","3":"status-publish","4":"has-post-thumbnail","6":"product_cat-les-archives-de-la-photographie-erotique","8":"first","9":"instock","10":"shipping-taxable","11":"purchasable","12":"product-type-simple"},"_links":{"self":[{"href":"https:\/\/www.editionsastarte.com\/en\/wp-json\/wp\/v2\/product\/357","targetHints":{"allow":["GET"]}}],"collection":[{"href":"https:\/\/www.editionsastarte.com\/en\/wp-json\/wp\/v2\/product"}],"about":[{"href":"https:\/\/www.editionsastarte.com\/en\/wp-json\/wp\/v2\/types\/product"}],"wp:featuredmedia":[{"embeddable":true,"href":"https:\/\/www.editionsastarte.com\/en\/wp-json\/wp\/v2\/media\/351"}],"wp:attachment":[{"href":"https:\/\/www.editionsastarte.com\/en\/wp-json\/wp\/v2\/media?parent=357"}],"wp:term":[{"taxonomy":"product_brand","embeddable":true,"href":"https:\/\/www.editionsastarte.com\/en\/wp-json\/wp\/v2\/product_brand?post=357"},{"taxonomy":"product_cat","embeddable":true,"href":"https:\/\/www.editionsastarte.com\/en\/wp-json\/wp\/v2\/product_cat?post=357"},{"taxonomy":"product_tag","embeddable":true,"href":"https:\/\/www.editionsastarte.com\/en\/wp-json\/wp\/v2\/product_tag?post=357"}],"curies":[{"name":"wp","href":"https:\/\/api.w.org\/{rel}","templated":true}]}}