{"id":364,"date":"2023-01-31T13:35:39","date_gmt":"2023-01-31T12:35:39","guid":{"rendered":"http:\/\/bbbweco.cluster031.hosting.ovh.net\/editionsastarte\/produit\/les-editions-du-couvre-feu\/"},"modified":"2026-04-07T19:38:56","modified_gmt":"2026-04-07T17:38:56","slug":"les-editions-du-couvre-feu","status":"publish","type":"product","link":"https:\/\/www.editionsastarte.com\/en\/produit\/les-editions-du-couvre-feu\/","title":{"rendered":"LES \u00c9DITIONS DU COUVRE FEU"},"content":{"rendered":"<p>Pr\u00e9sent\u00e9 par Christophe BIER<br \/>\nUn des 1 000 exemplaires broch\u00e9s, 160 pages (16,5 x 24), Plus de 500 illustrations en quadrichromie, avec pr\u00e9face et bibliographie de Christophe Bier<br \/>\nParis des Ann\u00e9es Trente. La litt\u00e9rature \u00e9rotique profite de l\u2019euphorie ambiante. Des n\u00e9gociants avis\u00e9s se sp\u00e9cialisent pour une client\u00e8le \u00ab \u00e0 passions \u00bb, avide de f\u00e9tichisme, de flagellations \u00e0 l\u2019ortie blanche, de fess\u00e9es \u00e0 main nue, de travestissement et de vertiges bott\u00e9s. Le plus influent d\u2019entre eux, Victor Vidal \u2013 un tailleur m\u00e9tamorphos\u00e9 en \u00e9diteur dominant, propri\u00e9taire d\u2019\u00e9choppes coquines et d\u2019un label de lingerie libertine \u2013 propose aux libertins de nombreux romans aux titres \u00e9loquents, consacr\u00e9s \u00e0 la domination tant masculine que f\u00e9minine. Sous le label des \u00e9ditions du Couvre-Feu s\u2019offre un catalogue exub\u00e9rant de volupt\u00e9s : \u00c0 genoux esclave, Caresses infernales, Gitanes dominatrices ou encore Sous la croupe f\u00e9minine. Ces r\u00e9cits obsessionnels b\u00e2tissent les hauts murs d\u2019un royaume utopique referm\u00e9 sur de cuisants plaisirs, peupl\u00e9 de gouvernantes cuissard\u00e9es, d\u2019aristocrates humili\u00e9s, de soubrettes fouetteuses, de m\u00e9galomanes cruels et de princesses barbares. Le cuir verni y est d\u00e9votement l\u00e9ch\u00e9 et les distances parcourues \u00e0 dos de montures humaines. Mais que resterait-il du pouvoir fascinant de cette curieuse prose sans les hors-texte qui viennent l\u2019enrichir, \u0153uvres d\u2019artistes inspir\u00e9s auxquels notre Collection bibliographique illustr\u00e9e de la litt\u00e9rature flagellante rend pour la premi\u00e8re fois hommage ?<\/p>\n<p> &#8212; <\/p>\n<p>LES \u00c9DITIONS DU COUVRE FEU<br \/>\nPr\u00e9sent\u00e9 par Christophe BIER<\/p>\n<p>One of the 1,000 paper-bound copies, 16,5 by 24 cm, 160 pages. Plus de 500 illustrations en quadrichromie, avec pr\u00e9face et bibliographie de Christophe Bier<br \/>\nEnglish translation inside. Paris des Ann\u00e9es Trente. La litt\u00e9rature \u00e9rotique profite de l\u2019euphorie ambiante. Des n\u00e9gociants avis\u00e9s se sp\u00e9cialisent pour une client\u00e8le \u00ab \u00e0 passions \u00bb, avide de f\u00e9tichisme, de flagellations \u00e0 l\u2019ortie blanche, de fess\u00e9es \u00e0 main nue, de travestissement et de vertiges bott\u00e9s. Le plus influent d\u2019entre eux, Victor Vidal \u2013 un tailleur m\u00e9tamorphos\u00e9 en \u00e9diteur dominant, propri\u00e9taire d\u2019\u00e9choppes coquines et d\u2019un label de lingerie libertine \u2013 propose aux libertins de nombreux romans aux titres \u00e9loquents, consacr\u00e9s \u00e0 la domination tant masculine que f\u00e9minine. Sous le label des \u00e9ditions du Couvre-Feu s\u2019offre un catalogue exub\u00e9rant de volupt\u00e9s : \u00c0 genoux esclave, Caresses infernales, Gitanes dominatrices ou encore Sous la croupe f\u00e9minine. Ces r\u00e9cits obsessionnels b\u00e2tissent les hauts murs d\u2019un royaume utopique referm\u00e9 sur de cuisants plaisirs, peupl\u00e9 de gouvernantes cuissard\u00e9es, d\u2019aristocrates humili\u00e9s, de soubrettes fouetteuses, de m\u00e9galomanes cruels et de princesses barbares. Le cuir verni y est d\u00e9votement l\u00e9ch\u00e9 et les distances parcourues \u00e0 dos de montures humaines. Mais que resterait-il du pouvoir fascinant de cette curieuse prose sans les hors-texte qui viennent l\u2019enrichir, \u0153uvres d\u2019artistes inspir\u00e9s auxquels notre Collection bibliographique illustr\u00e9e de la litt\u00e9rature flagellante rend pour la premi\u00e8re fois hommage ?<\/p>\n","protected":false},"excerpt":{"rendered":"<p>Pr\u00e9sent\u00e9 par Christophe BIER Un des 1 000 exemplaires broch\u00e9s, 160 pages (16,5 x 24), Plus de 500 illustrations en quadrichromie, avec pr\u00e9face et bibliographie de Christophe Bier Paris des Ann\u00e9es Trente. La litt\u00e9rature \u00e9rotique profite de l\u2019euphorie ambiante. Des n\u00e9gociants avis\u00e9s se sp\u00e9cialisent pour une client\u00e8le \u00ab \u00e0 passions \u00bb, avide de f\u00e9tichisme, de [&#8230;]\n","protected":false},"featured_media":358,"template":"","meta":[],"product_brand":[],"product_cat":[29],"product_tag":[],"class_list":{"0":"post-364","1":"product","2":"type-product","3":"status-publish","4":"has-post-thumbnail","6":"product_cat-les-inedits-de-la-domination-feminine","8":"first","9":"instock","10":"shipping-taxable","11":"purchasable","12":"product-type-simple"},"_links":{"self":[{"href":"https:\/\/www.editionsastarte.com\/en\/wp-json\/wp\/v2\/product\/364","targetHints":{"allow":["GET"]}}],"collection":[{"href":"https:\/\/www.editionsastarte.com\/en\/wp-json\/wp\/v2\/product"}],"about":[{"href":"https:\/\/www.editionsastarte.com\/en\/wp-json\/wp\/v2\/types\/product"}],"wp:featuredmedia":[{"embeddable":true,"href":"https:\/\/www.editionsastarte.com\/en\/wp-json\/wp\/v2\/media\/358"}],"wp:attachment":[{"href":"https:\/\/www.editionsastarte.com\/en\/wp-json\/wp\/v2\/media?parent=364"}],"wp:term":[{"taxonomy":"product_brand","embeddable":true,"href":"https:\/\/www.editionsastarte.com\/en\/wp-json\/wp\/v2\/product_brand?post=364"},{"taxonomy":"product_cat","embeddable":true,"href":"https:\/\/www.editionsastarte.com\/en\/wp-json\/wp\/v2\/product_cat?post=364"},{"taxonomy":"product_tag","embeddable":true,"href":"https:\/\/www.editionsastarte.com\/en\/wp-json\/wp\/v2\/product_tag?post=364"}],"curies":[{"name":"wp","href":"https:\/\/api.w.org\/{rel}","templated":true}]}}