{"id":365,"date":"2023-01-31T13:35:40","date_gmt":"2023-01-31T12:35:40","guid":{"rendered":"http:\/\/bbbweco.cluster031.hosting.ovh.net\/editionsastarte\/produit\/le-chevalet-de-madame-de-brandes\/"},"modified":"2025-08-30T21:39:12","modified_gmt":"2025-08-30T19:39:12","slug":"le-chevalet-de-madame-de-brandes","status":"publish","type":"product","link":"https:\/\/www.editionsastarte.com\/en\/produit\/le-chevalet-de-madame-de-brandes\/","title":{"rendered":"LE CHEVALET DE MADAME DE BRANDES"},"content":{"rendered":"<p>Bernard MONTORGUEIL<br \/>\nUn des 950 ex. num\u00e9rot\u00e9s cartonn\u00e9s (21 x 26), reli\u00e9 dos toil\u00e9, 80 pages, imprim\u00e9 en couleur<br \/>\nDes manuscrits \u201cMontorgueil\u201d (patronyme \u2013 et pseudonyme \u2013 bien connu des amateurs du genre) enfin \u00e9dit\u00e9s. Reproduits en fac-simil\u00e9, textes \u00e0 la calligraphie suprenante et dessins rehauss\u00e9es d\u2019aquarelle d\u2019une qualit\u00e9 rare ont vraisemblablement \u00e9t\u00e9 con\u00e7us dans les ann\u00e9es 40, entre de Carlo et John Willie. Ils sont destin\u00e9s aux amateurs de femmes fatales, de celles qui occasionnent les pires mis\u00e8res \u00e0 de pauvres \u00eatres qui n\u2019ont pas l\u2019air de beaucoup s\u2019en plaindre.<\/p>\n<p> &#8212; <\/p>\n<p>LE CHEVALET DE MADAME DE BRANDES<br \/>\nBernard MONTORGUEIL<\/p>\n<p>Un des 950 ex. num\u00e9rot\u00e9s cartonn\u00e9s (21 x 26), reli\u00e9 dos toil\u00e9, 80 pages, imprim\u00e9 en couleur<br \/>\nDes manuscrits \u201cMontorgueil\u201d (patronyme \u2013 et pseudonyme \u2013 bien connu des amateurs du genre) enfin \u00e9dit\u00e9s. Reproduits en fac-simil\u00e9, textes \u00e0 la calligraphie surprenante et dessins rehauss\u00e9es d\u2019aquarelle d\u2019une qualit\u00e9 rare ont vraisemblablement \u00e9t\u00e9 con\u00e7us dans les ann\u00e9es 40, entre de Carlo et John Willie. Ils sont destin\u00e9s aux amateurs de femmes fatales, de celles qui occasionnent les pires mis\u00e8res \u00e0 de pauvres \u00eatres qui n\u2019ont pas l\u2019air de beaucoup s\u2019en plaindre.<\/p>\n","protected":false},"excerpt":{"rendered":"<p>Bernard MONTORGUEIL Un des 950 ex. num\u00e9rot\u00e9s cartonn\u00e9s (21 x 26), reli\u00e9 dos toil\u00e9, 80 pages, imprim\u00e9 en couleur Des manuscrits \u201cMontorgueil\u201d (patronyme \u2013 et pseudonyme \u2013 bien connu des amateurs du genre) enfin \u00e9dit\u00e9s. Reproduits en fac-simil\u00e9, textes \u00e0 la calligraphie suprenante et dessins rehauss\u00e9es d\u2019aquarelle d\u2019une qualit\u00e9 rare ont vraisemblablement \u00e9t\u00e9 con\u00e7us dans [&#8230;]\n","protected":false},"featured_media":212,"template":"","meta":[],"product_brand":[],"product_cat":[29],"product_tag":[],"class_list":{"0":"post-365","1":"product","2":"type-product","3":"status-publish","4":"has-post-thumbnail","6":"product_cat-les-inedits-de-la-domination-feminine","8":"first","9":"instock","10":"shipping-taxable","11":"purchasable","12":"product-type-simple"},"_links":{"self":[{"href":"https:\/\/www.editionsastarte.com\/en\/wp-json\/wp\/v2\/product\/365","targetHints":{"allow":["GET"]}}],"collection":[{"href":"https:\/\/www.editionsastarte.com\/en\/wp-json\/wp\/v2\/product"}],"about":[{"href":"https:\/\/www.editionsastarte.com\/en\/wp-json\/wp\/v2\/types\/product"}],"wp:featuredmedia":[{"embeddable":true,"href":"https:\/\/www.editionsastarte.com\/en\/wp-json\/wp\/v2\/media\/212"}],"wp:attachment":[{"href":"https:\/\/www.editionsastarte.com\/en\/wp-json\/wp\/v2\/media?parent=365"}],"wp:term":[{"taxonomy":"product_brand","embeddable":true,"href":"https:\/\/www.editionsastarte.com\/en\/wp-json\/wp\/v2\/product_brand?post=365"},{"taxonomy":"product_cat","embeddable":true,"href":"https:\/\/www.editionsastarte.com\/en\/wp-json\/wp\/v2\/product_cat?post=365"},{"taxonomy":"product_tag","embeddable":true,"href":"https:\/\/www.editionsastarte.com\/en\/wp-json\/wp\/v2\/product_tag?post=365"}],"curies":[{"name":"wp","href":"https:\/\/api.w.org\/{rel}","templated":true}]}}