{"id":367,"date":"2023-01-31T13:35:40","date_gmt":"2023-01-31T12:35:40","guid":{"rendered":"http:\/\/bbbweco.cluster031.hosting.ovh.net\/editionsastarte\/produit\/les-archives-interdites-de-la-brigade-mondaine\/"},"modified":"2023-05-08T12:13:50","modified_gmt":"2023-05-08T10:13:50","slug":"les-archives-interdites-de-la-brigade-mondaine","status":"publish","type":"product","link":"https:\/\/www.editionsastarte.com\/en\/produit\/les-archives-interdites-de-la-brigade-mondaine\/","title":{"rendered":"LES ARCHIVES INTERDITES DE LA BRIGADE MONDAINE"},"content":{"rendered":"<p>ANONYMES<br \/>\nUn DVD de 60 minutes comprenant des bonus : interview de Marthe Richard, rafle de police rue Saint Denis et diaporama.<br \/>\n\u2026&#8221;Nous Roger Duval, commissaire de police, suite \u00e0 d\u00e9nonciation anonyme nous sommes pr\u00e9sente au domicile de Monsieur Galabert \u00c9mile demeurant rue des Chargeurs num\u00e9ro 12, Paris 8\u00e8me o\u00f9 nous avons trouv\u00e9 plusieurs bandes de films cin\u00e9matographiques.<br \/>\nApr\u00e8s v\u00e9rification sur l&#8217;appareil de projection de l&#8217;int\u00e9ress\u00e9 nous avons constat\u00e9 le caract\u00e8re licencieux des dites bandes que nous avons saisies&#8221;\u2026<\/p>\n<p> &#8212; <\/p>\n<p>LES ARCHIVES INTERDITES DE LA BRIGADE MONDAINE<br \/>\nANONYMOUS<\/p>\n<p>Un DVD de 60 minutes comprenant des bonus : interview de Marthe Richard, rafle de police rue Saint Denis et diaporama.<br \/>\n\u2026&#8221;Nous Roger Duval, commissaire de police, suite \u00e0 d\u00e9nonciation anonyme nous sommes pr\u00e9sente au domicile de Monsieur Galabert \u00c9mile demeurant rue des Chargeurs num\u00e9ro 12, Paris 8\u00e8me o\u00f9 nous avons trouv\u00e9 plusieurs bandes de films cin\u00e9matographiques.<br \/>\nApr\u00e8s v\u00e9rification sur l&#8217;appareil de projection de l&#8217;int\u00e9ress\u00e9 nous avons constat\u00e9 le caract\u00e8re licencieux des dites bandes que nous avons saisies&#8221;\u2026<\/p>\n","protected":false},"excerpt":{"rendered":"<p>ANONYMES Un DVD de 60 minutes comprenant des bonus : interview de Marthe Richard, rafle de police rue Saint Denis et diaporama. \u2026&#8221;Nous Roger Duval, commissaire de police, suite \u00e0 d\u00e9nonciation anonyme nous sommes pr\u00e9sente au domicile de Monsieur Galabert \u00c9mile demeurant rue des Chargeurs num\u00e9ro 12, Paris 8\u00e8me o\u00f9 nous avons trouv\u00e9 plusieurs bandes [&#8230;]\n","protected":false},"featured_media":366,"template":"","meta":[],"product_brand":[],"product_cat":[31],"product_tag":[],"class_list":{"0":"post-367","1":"product","2":"type-product","3":"status-publish","4":"has-post-thumbnail","6":"product_cat-autres-dvd","8":"first","9":"instock","10":"shipping-taxable","11":"purchasable","12":"product-type-simple"},"_links":{"self":[{"href":"https:\/\/www.editionsastarte.com\/en\/wp-json\/wp\/v2\/product\/367","targetHints":{"allow":["GET"]}}],"collection":[{"href":"https:\/\/www.editionsastarte.com\/en\/wp-json\/wp\/v2\/product"}],"about":[{"href":"https:\/\/www.editionsastarte.com\/en\/wp-json\/wp\/v2\/types\/product"}],"wp:featuredmedia":[{"embeddable":true,"href":"https:\/\/www.editionsastarte.com\/en\/wp-json\/wp\/v2\/media\/366"}],"wp:attachment":[{"href":"https:\/\/www.editionsastarte.com\/en\/wp-json\/wp\/v2\/media?parent=367"}],"wp:term":[{"taxonomy":"product_brand","embeddable":true,"href":"https:\/\/www.editionsastarte.com\/en\/wp-json\/wp\/v2\/product_brand?post=367"},{"taxonomy":"product_cat","embeddable":true,"href":"https:\/\/www.editionsastarte.com\/en\/wp-json\/wp\/v2\/product_cat?post=367"},{"taxonomy":"product_tag","embeddable":true,"href":"https:\/\/www.editionsastarte.com\/en\/wp-json\/wp\/v2\/product_tag?post=367"}],"curies":[{"name":"wp","href":"https:\/\/api.w.org\/{rel}","templated":true}]}}