{"id":369,"date":"2023-01-31T13:35:40","date_gmt":"2023-01-31T12:35:40","guid":{"rendered":"http:\/\/bbbweco.cluster031.hosting.ovh.net\/editionsastarte\/produit\/linitiation-dun-jeune-debutant-en-amour\/"},"modified":"2023-11-22T00:33:42","modified_gmt":"2023-11-21T23:33:42","slug":"linitiation-dun-jeune-debutant-en-amour","status":"publish","type":"product","link":"https:\/\/www.editionsastarte.com\/en\/produit\/linitiation-dun-jeune-debutant-en-amour\/","title":{"rendered":"L\u2019INITIATION D\u2019UN JEUNE DEBUTANT EN AMOUR"},"content":{"rendered":"[Roland Br\u00e9vannes ?]\nUn volume in-8 broch\u00e9 de 112 pages avec de nombreuses photographies en hors-texte<br \/>\nPierre Angelin, jeune \u00e9ph\u00e8be de 17 ans, est initi\u00e9 \u00e0 l\u2019amour par Madame Ir\u00e8ne qui fait profiter la bonne des nouvelles aptitudes du jeune homme. Apr\u00e8s avoir \u00e9t\u00e9 surpris en mauvaise posture par sa m\u00e8re d\u00e9vote, Pierre s\u2019engage chez les chasseurs d\u2019Afrique. Il y d\u00e9couvre les prostitu\u00e9es C\u2019est exactlocales de Blida. L\u00e0, il s\u2019initie \u00e0 \u00ab niquer la mouk\u00e8re \u00bb ainsi qu\u2019\u00e0 la sodomie avec le jeune Abel. Se r\u00e9servant \u00e0 la gente f\u00e9minine, Pierre prend go\u00fbt r\u00e9solument \u00e0 ce nouveau plaisir qu\u2019il perp\u00e9tue lors de son retour \u00e0 la ferme familiale en intronisant jeune et vieille, fermi\u00e8re, s\u0153ur de lait et toutes les filles de ferme. Chass\u00e9, il retrouve Madame Ir\u00e8ne dans le train qui doit le mener \u00e0 Paris. Mais Abel l\u2019a suivi. Fou de jalousie, la \u00ab petite femme \u00bb aura raison de cet amour sacril\u00e8ge\u2026<br \/>\nLudique, \u00e9crit d\u2019un ton cru mais agr\u00e9able.<br \/>\nExtrait des aventures de Pierre : \u00ab Ils couch\u00e8rent dans le m\u00eame lit, il y \u00e9tait \u00e0 peine allong\u00e9 que Latante le branlant et lui pr\u00e9sentant ses fesses :<br \/>\n&#8211; Allons, mon vieux, fais moi voir si tu n&#8217;as pas oubli\u00e9 la mani\u00e8re de t&#8217;en servir.<br \/>\nPierre en s&#8217;ex\u00e9cutant, vit passer devant ses yeux toute la th\u00e9orie de ses ma\u00eetresses : Madame Ir\u00e8ne, affriolante et perverse dans l&#8217;odeur de ses jupes et les parfums de l&#8217;encens, la servante de sa m\u00e8re docile et pucelle, les femmes d&#8217;Alg\u00e9rie et leurs ventres \u00e9pil\u00e9s, puis la vieille M\u00e9riette se masturbant avec le manche d&#8217;une pioche et lui donnant le hideux spectacle de ses contorsions de sorci\u00e8re, la m\u00e8re Leru et ses ardeurs indompt\u00e9es sa fille et sa chair ferme et vibrante, les trois filles de ferme, vicieuses et rustiques. Les souvenirs le hantant et l&#8217;adresse de Latante aidant, il \u00e9prouva une \u00e2cre et cuisante volupt\u00e9. \u00bb<br \/>\nRoland Br\u00e9vannes, personnalit\u00e9 incontournable de la litt\u00e9rature clandestine du d\u00e9but du XXe si\u00e8cle, d\u00e9buta sa longue carri\u00e8re chez Hall, un \u00e9diteur d\u2019ouvrages de sexologie et marchand \u00ab d\u2019articles aphrodisiaques \u00bb dans le quartier Pigalle. L\u2019ouvrage semble avoir fait l\u2019objet que d\u2019une seule \u00e9dition.<\/p>\n<p> &#8212; <\/p>\n<p>L\u2019INITIATION D\u2019UN JEUNE DEBUTANT EN AMOUR<br \/>\n[Roland Br\u00e9vannes ?]\n<p>Un volume in-8 broch\u00e9 de 112 pages avec de nombreuses photographies en hors-texte<br \/>\nPierre Angelin, jeune \u00e9ph\u00e8be de 17 ans, est initi\u00e9 \u00e0 l\u2019amour par Madame Ir\u00e8ne qui fait profiter la bonne des nouvelles aptitudes du jeune homme. Apr\u00e8s avoir \u00e9t\u00e9 surpris en mauvaise posture par sa m\u00e8re d\u00e9vote, Pierre s\u2019engage chez les chasseurs d\u2019Afrique. Il y d\u00e9couvre les prostitu\u00e9es C\u2019est exactlocales de Blida. L\u00e0, il s\u2019initie \u00e0 \u00ab niquer la mouk\u00e8re \u00bb ainsi qu\u2019\u00e0 la sodomie avec le jeune Abel. Se r\u00e9servant \u00e0 la gente f\u00e9minine, Pierre prend go\u00fbt r\u00e9solument \u00e0 ce nouveau plaisir qu\u2019il perp\u00e9tue lors de son retour \u00e0 la ferme familiale en intronisant jeune et vieille, fermi\u00e8re, s\u0153ur de lait et toutes les filles de ferme. Chass\u00e9, il retrouve Madame Ir\u00e8ne dans le train qui doit le mener \u00e0 Paris. Mais Abel l\u2019a suivi. Fou de jalousie, la \u00ab petite femme \u00bb aura raison de cet amour sacril\u00e8ge\u2026<br \/>\nLudique, \u00e9crit d\u2019un ton cru mais agr\u00e9able.<br \/>\nExtrait des aventures de Pierre : \u00ab Ils couch\u00e8rent dans le m\u00eame lit, il y \u00e9tait \u00e0 peine allong\u00e9 que Latante le branlant et lui pr\u00e9sentant ses fesses :<br \/>\n&#8211; Allons, mon vieux, fais moi voir si tu n&#8217;as pas oubli\u00e9 la mani\u00e8re de t&#8217;en servir.<br \/>\nPierre en s&#8217;ex\u00e9cutant, vit passer devant ses yeux toute la th\u00e9orie de ses ma\u00eetresses : Madame Ir\u00e8ne, affriolante et perverse dans l&#8217;odeur de ses jupes et les parfums de l&#8217;encens, la servante de sa m\u00e8re docile et pucelle, les femmes d&#8217;Alg\u00e9rie et leurs ventres \u00e9pil\u00e9s, puis la vieille M\u00e9riette se masturbant avec le manche d&#8217;une pioche et lui donnant le hideux spectacle de ses contorsions de sorci\u00e8re, la m\u00e8re Leru et ses ardeurs indompt\u00e9es sa fille et sa chair ferme et vibrante, les trois filles de ferme, vicieuses et rustiques. Les souvenirs le hantant et l&#8217;adresse de Latante aidant, il \u00e9prouva une \u00e2cre et cuisante volupt\u00e9. \u00bb<br \/>\nRoland Br\u00e9vannes, personnalit\u00e9 incontournable de la litt\u00e9rature clandestine du d\u00e9but du XXe si\u00e8cle, d\u00e9buta sa longue carri\u00e8re chez Hall, un \u00e9diteur d\u2019ouvrages de sexologie et marchand \u00ab d\u2019articles aphrodisiaques \u00bb dans le quartier Pigalle. L\u2019ouvrage semble avoir fait l\u2019objet que d\u2019une seule \u00e9dition.<\/p>\n","protected":false},"excerpt":{"rendered":"[Roland Br\u00e9vannes ?] Un volume in-8 broch\u00e9 de 112 pages avec de nombreuses photographies en hors-texte Pierre Angelin, jeune \u00e9ph\u00e8be de 17 ans, est initi\u00e9 \u00e0 l\u2019amour par Madame Ir\u00e8ne qui fait profiter la bonne des nouvelles aptitudes du jeune homme. Apr\u00e8s avoir \u00e9t\u00e9 surpris en mauvaise posture par sa m\u00e8re d\u00e9vote, Pierre s\u2019engage chez [&#8230;]\n","protected":false},"featured_media":368,"template":"","meta":[],"product_brand":[],"product_cat":[23],"product_tag":[],"class_list":{"0":"post-369","1":"product","2":"type-product","3":"status-publish","4":"has-post-thumbnail","6":"product_cat-collection-libertine","8":"first","9":"outofstock","10":"shipping-taxable","11":"purchasable","12":"product-type-simple"},"_links":{"self":[{"href":"https:\/\/www.editionsastarte.com\/en\/wp-json\/wp\/v2\/product\/369","targetHints":{"allow":["GET"]}}],"collection":[{"href":"https:\/\/www.editionsastarte.com\/en\/wp-json\/wp\/v2\/product"}],"about":[{"href":"https:\/\/www.editionsastarte.com\/en\/wp-json\/wp\/v2\/types\/product"}],"wp:featuredmedia":[{"embeddable":true,"href":"https:\/\/www.editionsastarte.com\/en\/wp-json\/wp\/v2\/media\/368"}],"wp:attachment":[{"href":"https:\/\/www.editionsastarte.com\/en\/wp-json\/wp\/v2\/media?parent=369"}],"wp:term":[{"taxonomy":"product_brand","embeddable":true,"href":"https:\/\/www.editionsastarte.com\/en\/wp-json\/wp\/v2\/product_brand?post=369"},{"taxonomy":"product_cat","embeddable":true,"href":"https:\/\/www.editionsastarte.com\/en\/wp-json\/wp\/v2\/product_cat?post=369"},{"taxonomy":"product_tag","embeddable":true,"href":"https:\/\/www.editionsastarte.com\/en\/wp-json\/wp\/v2\/product_tag?post=369"}],"curies":[{"name":"wp","href":"https:\/\/api.w.org\/{rel}","templated":true}]}}