{"id":371,"date":"2023-01-31T13:35:41","date_gmt":"2023-01-31T12:35:41","guid":{"rendered":"http:\/\/bbbweco.cluster031.hosting.ovh.net\/editionsastarte\/produit\/monsieur-x-et-autres-cineastes-amateurs-des-annees-30\/"},"modified":"2026-04-07T19:38:29","modified_gmt":"2026-04-07T17:38:29","slug":"monsieur-x-et-autres-cineastes-amateurs-des-annees-30","status":"publish","type":"product","link":"https:\/\/www.editionsastarte.com\/en\/produit\/monsieur-x-et-autres-cineastes-amateurs-des-annees-30\/","title":{"rendered":"MONSIEUR X et autres cin\u00e9astes amateurs des ann\u00e9es 30"},"content":{"rendered":"<p>L&#8217;Anthologie \u00c9rotique du Cin\u00e9ma Clandestin 9<br \/>\n38 COURTS M\u00c9TRAGES EN 69 MINUTES + BONUS d\u2019images extraites de nos<br \/>\narchives &#038; pr\u00e9sentation avec extraits d\u2019autres dvd de l\u2019anthologie<br \/>\nJuin 1935. Une fois encore des \u00e9clats de rires jaillissent du 75 rue Pigalle. On y tourne de nouveaux courts-m\u00e9trages. \u00ab Tourne \u00bb est un bien grand mot : la cam\u00e9ra n\u2019est pas tenue par un cin\u00e9aste, Annette et Mado ne sont pas actrices. Elles sont pensionnaires du bordel confinant l\u2019atmosph\u00e8re la plus accueillante et la plus d\u00e9tendue du quartier. Tout a commenc\u00e9 ce jour o\u00f9 le tenancier accorde \u00e0 son ami l\u2019autorisation exceptionnelle de photographier les filles. Toutes s\u2019en amusent, y prennent go\u00fbt, au point qu\u2019elles acceptent, en plus de poser sur leur lieu de travail, d\u2019\u00eatre photographi\u00e9es et film\u00e9es aux cours d\u2019extravagants pique-niques o\u00f9 leurs natures libertines sont rattrap\u00e9es par les fantasmes de leur metteur en sc\u00e8ne.<br \/>\nApr\u00e8s avoir publi\u00e9 Collections priv\u00e9es de Monsieur X, ouvrage contenant un choix de ses photographies les plus r\u00e9ussies, les \u00e9ditions Astart\u00e9 vous pr\u00e9sentent aujourd\u2019hui l\u2019int\u00e9gralit\u00e9 des films r\u00e9alis\u00e9s par Monsieur X, suivi d\u2019une s\u00e9lection de films uniques produits au cours des ann\u00e9es Trente par de curieux amateurs anonymes, qui, tous sexes confondus, se r\u00e9v\u00e8lent de fervents adeptes du culte d\u2019\u00c9ros.<\/p>\n<p> &#8212; <\/p>\n<p>MONSIEUR X et autres cin\u00e9astes amateurs des ann\u00e9es 30<br \/>\nL&#8217;Anthologie \u00c9rotique du Cin\u00e9ma Clandestin 9<\/p>\n<p>38 COURTS M\u00c9TRAGES EN 69 MINUTES + BONUS d\u2019images extraites de nos<br \/>\narchives &#038; pr\u00e9sentation avec extraits d\u2019autres dvd de l\u2019anthologie<br \/>\nJune 1935. Once again, outbursts of laughing are heard at 75 Pigalle Street. Short films are being made. Yet, the camera is not held by a film director. Moreover, Annette and Mado are no actresses at all. They are residents of the brothel, the most welcoming and peaceful place of the neighbourhood. It all started when the owner exceptionally gave his friend the permission to take some pictures of the girls. They all enjoyed it and came to like it so much that they accepted, in addition to posing in their workplace, to be photographed and filmed during outrageous picnics where their libertine nature met the director\u2019s fantasies.<br \/>\nAfter publishing Collections priv\u00e9es de Monsieur X, a book which includes a selection of his finest photographs, Editions Astart\u00e9 now presents Monsieur X\u2019s complete film works, as well as a selection of unique films which were made during the 1930\u2019s by curious anonymous amateurs, who, regardless of whether they were men or women, appear to be deeply enthusiastic about the cult of Eros<\/p>\n","protected":false},"excerpt":{"rendered":"<p>L&#8217;Anthologie \u00c9rotique du Cin\u00e9ma Clandestin 9 38 COURTS M\u00c9TRAGES EN 69 MINUTES + BONUS d\u2019images extraites de nos archives &#038; pr\u00e9sentation avec extraits d\u2019autres dvd de l\u2019anthologie Juin 1935. Une fois encore des \u00e9clats de rires jaillissent du 75 rue Pigalle. On y tourne de nouveaux courts-m\u00e9trages. \u00ab Tourne \u00bb est un bien grand mot [&#8230;]\n","protected":false},"featured_media":370,"template":"","meta":[],"product_brand":[],"product_cat":[22],"product_tag":[],"class_list":{"0":"post-371","1":"product","2":"type-product","3":"status-publish","4":"has-post-thumbnail","6":"product_cat-anthologie-erotique-du-cinema-clandestin","8":"first","9":"instock","10":"shipping-taxable","11":"purchasable","12":"product-type-simple"},"_links":{"self":[{"href":"https:\/\/www.editionsastarte.com\/en\/wp-json\/wp\/v2\/product\/371","targetHints":{"allow":["GET"]}}],"collection":[{"href":"https:\/\/www.editionsastarte.com\/en\/wp-json\/wp\/v2\/product"}],"about":[{"href":"https:\/\/www.editionsastarte.com\/en\/wp-json\/wp\/v2\/types\/product"}],"wp:featuredmedia":[{"embeddable":true,"href":"https:\/\/www.editionsastarte.com\/en\/wp-json\/wp\/v2\/media\/370"}],"wp:attachment":[{"href":"https:\/\/www.editionsastarte.com\/en\/wp-json\/wp\/v2\/media?parent=371"}],"wp:term":[{"taxonomy":"product_brand","embeddable":true,"href":"https:\/\/www.editionsastarte.com\/en\/wp-json\/wp\/v2\/product_brand?post=371"},{"taxonomy":"product_cat","embeddable":true,"href":"https:\/\/www.editionsastarte.com\/en\/wp-json\/wp\/v2\/product_cat?post=371"},{"taxonomy":"product_tag","embeddable":true,"href":"https:\/\/www.editionsastarte.com\/en\/wp-json\/wp\/v2\/product_tag?post=371"}],"curies":[{"name":"wp","href":"https:\/\/api.w.org\/{rel}","templated":true}]}}