{"id":385,"date":"2023-01-31T13:35:43","date_gmt":"2023-01-31T12:35:43","guid":{"rendered":"http:\/\/bbbweco.cluster031.hosting.ovh.net\/editionsastarte\/produit\/felicien-rops\/"},"modified":"2026-02-11T19:22:18","modified_gmt":"2026-02-11T18:22:18","slug":"felicien-rops","status":"publish","type":"product","link":"https:\/\/www.editionsastarte.com\/en\/produit\/felicien-rops\/","title":{"rendered":"F\u00c9LICIEN ROPS"},"content":{"rendered":"<p>Patrick BADE<br \/>\nUn volume, reli\u00e9, cartonn\u00e9, sous jaquette, (13 x 22), 95 pages avec de nombreuses illustrations imprim\u00e9 en quadrichromie, Parkstone Press.<br \/>\nF\u00e9licien Rops est un artiste tr\u00e8s surprenant. Graveur et dessinateur d&#8217;exception, F\u00e9licien Rops capture et anticipe, avec un talent \u00e9tonnant, les corps f\u00e9minins avec une grande modernit\u00e9. Abandonnant les formes classiques de l&#8217;\u00e9poque, l&#8217;artiste cr\u00e9e un monde plein d&#8217;humour, de tendresse et, parfois, l&#8217;insolence de la jubilation de l&#8217;\u0153il du spectateur.<\/p>\n<p> &#8212; <\/p>\n<p>F\u00c9LICIEN ROPS<br \/>\nPatrick BADE<\/p>\n<p>Hardcover jacketed book, 95 pages, 13 x 22 cm, published by Parkstone, New York<br \/>\nF\u00e9licien Rops est un artiste tr\u00e8s surprenant. Graveur et dessinateur d&#8217;exception, F\u00e9licien Rops capture et anticipe, avec un talent \u00e9tonnant, les corps f\u00e9minins avec une grande modernit\u00e9. Abandonnant les formes classiques de l&#8217;\u00e9poque, l&#8217;artiste cr\u00e9e un monde plein d&#8217;humour, de tendresse et, parfois, l&#8217;insolence de la jubilation de l&#8217;\u0153il du spectateur.<\/p>\n","protected":false},"excerpt":{"rendered":"<p>Patrick BADE Un volume, reli\u00e9, cartonn\u00e9, sous jaquette, (13 x 22), 95 pages avec de nombreuses illustrations imprim\u00e9 en quadrichromie, Parkstone Press. F\u00e9licien Rops est un artiste tr\u00e8s surprenant. Graveur et dessinateur d&#8217;exception, F\u00e9licien Rops capture et anticipe, avec un talent \u00e9tonnant, les corps f\u00e9minins avec une grande modernit\u00e9. Abandonnant les formes classiques de l&#8217;\u00e9poque, [&#8230;]\n","protected":false},"featured_media":379,"template":"","meta":[],"product_brand":[],"product_cat":[26],"product_tag":[],"class_list":{"0":"post-385","1":"product","2":"type-product","3":"status-publish","4":"has-post-thumbnail","6":"product_cat-les-beaux-livres","8":"first","9":"instock","10":"shipping-taxable","11":"purchasable","12":"product-type-simple"},"_links":{"self":[{"href":"https:\/\/www.editionsastarte.com\/en\/wp-json\/wp\/v2\/product\/385","targetHints":{"allow":["GET"]}}],"collection":[{"href":"https:\/\/www.editionsastarte.com\/en\/wp-json\/wp\/v2\/product"}],"about":[{"href":"https:\/\/www.editionsastarte.com\/en\/wp-json\/wp\/v2\/types\/product"}],"wp:featuredmedia":[{"embeddable":true,"href":"https:\/\/www.editionsastarte.com\/en\/wp-json\/wp\/v2\/media\/379"}],"wp:attachment":[{"href":"https:\/\/www.editionsastarte.com\/en\/wp-json\/wp\/v2\/media?parent=385"}],"wp:term":[{"taxonomy":"product_brand","embeddable":true,"href":"https:\/\/www.editionsastarte.com\/en\/wp-json\/wp\/v2\/product_brand?post=385"},{"taxonomy":"product_cat","embeddable":true,"href":"https:\/\/www.editionsastarte.com\/en\/wp-json\/wp\/v2\/product_cat?post=385"},{"taxonomy":"product_tag","embeddable":true,"href":"https:\/\/www.editionsastarte.com\/en\/wp-json\/wp\/v2\/product_tag?post=385"}],"curies":[{"name":"wp","href":"https:\/\/api.w.org\/{rel}","templated":true}]}}