{"id":404,"date":"2023-01-31T13:35:47","date_gmt":"2023-01-31T12:35:47","guid":{"rendered":"http:\/\/bbbweco.cluster031.hosting.ovh.net\/editionsastarte\/produit\/cabaret-new-burlesque\/"},"modified":"2023-12-13T16:04:04","modified_gmt":"2023-12-13T15:04:04","slug":"cabaret-new-burlesque","status":"publish","type":"product","link":"https:\/\/www.editionsastarte.com\/en\/produit\/cabaret-new-burlesque\/","title":{"rendered":"CABARET NEW BURLESQUE"},"content":{"rendered":"<p>Stan GUIGUI<br \/>\nUn volume broch\u00e9, 157 pages, (22 x 27), fran\u00e7ais et anglais, publi\u00e9 par les \u00e9ditions du Ch\u00eane.<br \/>\nCe livre rassemble des photos en noir et blanc du photographe Stanislas Guigui, qui a accompagn\u00e9 la troupe du cabaret New Burlesque pendant sa tourn\u00e9e. Pr\u00e8s de 140 images prises dans les loges, les coulisses, sur sc\u00e8ne, mais aussi lors des C\u00e9sars 2010. Elles mettent en sc\u00e8ne ces filles qui se sont rendues c\u00e9l\u00e8bres gr\u00e2ce au film de Mathieu Amalric, Tourn\u00e9e. Un livre qui rend hommage \u00e0 ce genre revisit\u00e9 qu&#8217;est le new burlesque : du strip-tease, des \u00e9l\u00e9ments de th\u00e9\u00e2tre, de chor\u00e9graphie, de glamour, d&#8217;humour, de satire et un peu de destruction.<\/p>\n<p> &#8212; <\/p>\n<p>CABARET NEW BURLESQUE<br \/>\nStan GUIGUI<\/p>\n<p>soft cover book, 157 pages, (22 x 27), french and english, published by \u00e9ditions du Ch\u00eane.<br \/>\nCe livre rassemble des photos en noir et blanc du photographe Stanislas Guigui, qui a accompagn\u00e9 la troupe du cabaret New Burlesque pendant sa tourn\u00e9e. Pr\u00e8s de 140 images prises dans les loges, les coulisses, sur sc\u00e8ne, mais aussi lors des C\u00e9sars 2010. Elles mettent en sc\u00e8ne ces filles qui se sont rendues c\u00e9l\u00e8bres gr\u00e2ce au film de Mathieu Amalric, Tourn\u00e9e. Un livre qui rend hommage \u00e0 ce genre revisit\u00e9 qu&#8217;est le new burlesque : du strip-tease, des \u00e9l\u00e9ments de th\u00e9\u00e2tre, de chor\u00e9graphie, de glamour, d&#8217;humour, de satire et un peu de destruction.<\/p>\n","protected":false},"excerpt":{"rendered":"<p>Stan GUIGUI Un volume broch\u00e9, 157 pages, (22 x 27), fran\u00e7ais et anglais, publi\u00e9 par les \u00e9ditions du Ch\u00eane. Ce livre rassemble des photos en noir et blanc du photographe Stanislas Guigui, qui a accompagn\u00e9 la troupe du cabaret New Burlesque pendant sa tourn\u00e9e. Pr\u00e8s de 140 images prises dans les loges, les coulisses, sur [&#8230;]\n","protected":false},"featured_media":399,"template":"","meta":[],"product_brand":[],"product_cat":[27],"product_tag":[],"class_list":{"0":"post-404","1":"product","2":"type-product","3":"status-publish","4":"has-post-thumbnail","6":"product_cat-la-photographie-erotique","8":"first","9":"outofstock","10":"shipping-taxable","11":"purchasable","12":"product-type-simple"},"_links":{"self":[{"href":"https:\/\/www.editionsastarte.com\/en\/wp-json\/wp\/v2\/product\/404","targetHints":{"allow":["GET"]}}],"collection":[{"href":"https:\/\/www.editionsastarte.com\/en\/wp-json\/wp\/v2\/product"}],"about":[{"href":"https:\/\/www.editionsastarte.com\/en\/wp-json\/wp\/v2\/types\/product"}],"wp:featuredmedia":[{"embeddable":true,"href":"https:\/\/www.editionsastarte.com\/en\/wp-json\/wp\/v2\/media\/399"}],"wp:attachment":[{"href":"https:\/\/www.editionsastarte.com\/en\/wp-json\/wp\/v2\/media?parent=404"}],"wp:term":[{"taxonomy":"product_brand","embeddable":true,"href":"https:\/\/www.editionsastarte.com\/en\/wp-json\/wp\/v2\/product_brand?post=404"},{"taxonomy":"product_cat","embeddable":true,"href":"https:\/\/www.editionsastarte.com\/en\/wp-json\/wp\/v2\/product_cat?post=404"},{"taxonomy":"product_tag","embeddable":true,"href":"https:\/\/www.editionsastarte.com\/en\/wp-json\/wp\/v2\/product_tag?post=404"}],"curies":[{"name":"wp","href":"https:\/\/api.w.org\/{rel}","templated":true}]}}