{"id":411,"date":"2023-01-31T13:35:48","date_gmt":"2023-01-31T12:35:48","guid":{"rendered":"http:\/\/bbbweco.cluster031.hosting.ovh.net\/editionsastarte\/produit\/histoire-des-maisons-closes-de-1850-a-1946\/"},"modified":"2023-01-31T13:35:48","modified_gmt":"2023-01-31T12:35:48","slug":"histoire-des-maisons-closes-de-1850-a-1946","status":"publish","type":"product","link":"https:\/\/www.editionsastarte.com\/en\/produit\/histoire-des-maisons-closes-de-1850-a-1946\/","title":{"rendered":"HISTOIRE DES MAISONS CLOSES de 1850 \u00e0 1946"},"content":{"rendered":"<p>Caroline ANDRIEU<br \/>\nUn volume reli\u00e9, cartonn\u00e9, sous jaquette, imprim\u00e9 en couleur, 203 pages, (22 x 27), publi\u00e9 par les \u00e9ditions du Ch\u00eane<br \/>\nLes maisons closes, lieux intimes de d\u00e9sir et de fantasme d\u00e9tiennent encore aujourd&#8217;hui un pouvoir de fascination important. Des patronnes autoritaires, aux amants en mal d&#8217;amour, en passant par les tenues singuli\u00e8res des jeunes filles, elles \u00e9voquent un univers unique et le plus souvent envo\u00fbtant. La s\u00e9rie &#8221; Maison close &#8220;, diffus\u00e9e en 2010 sur Canal + propose une plong\u00e9e sans concession au coeur du quotidien si particulier des maisons closes et du milieu de la prostitution de la fin du XIXe si\u00e8cle. Ilustr\u00e9 de photos de la s\u00e9rie et de documents d&#8217;archives, cet ouvrage raconte le fonctionnement des maisons closes en France des ann\u00e9es 1850 jusqu&#8217;\u00e0 leur fermeture en 1946.<\/p>\n<p> &#8212; <\/p>\n<p>HISTOIRE DES MAISONS CLOSES de 1850 \u00e0 1946<br \/>\nCaroline ANDRIEU<\/p>\n<p>Hardcover jacketed book, printed in color, 203 pages, (22 x 27), published by  editions du Ch\u00eane<br \/>\nLes maisons closes, lieux intimes de d\u00e9sir et de fantasme d\u00e9tiennent encore aujourd&#8217;hui un pouvoir de fascination important. Des patronnes autoritaires, aux amants en mal d&#8217;amour, en passant par les tenues singuli\u00e8res des jeunes filles, elles \u00e9voquent un univers unique et le plus souvent envo\u00fbtant. La s\u00e9rie &#8221; Maison close &#8220;, diffus\u00e9e en 2010 sur Canal + propose une plong\u00e9e sans concession au coeur du quotidien si particulier des maisons closes et du milieu de la prostitution de la fin du XIXe si\u00e8cle. Ilustr\u00e9 de photos de la s\u00e9rie et de documents d&#8217;archives, cet ouvrage raconte le fonctionnement des maisons closes en France des ann\u00e9es 1850 jusqu&#8217;\u00e0 leur fermeture en 1946.<\/p>\n","protected":false},"excerpt":{"rendered":"<p>Caroline ANDRIEU Un volume reli\u00e9, cartonn\u00e9, sous jaquette, imprim\u00e9 en couleur, 203 pages, (22 x 27), publi\u00e9 par les \u00e9ditions du Ch\u00eane Les maisons closes, lieux intimes de d\u00e9sir et de fantasme d\u00e9tiennent encore aujourd&#8217;hui un pouvoir de fascination important. Des patronnes autoritaires, aux amants en mal d&#8217;amour, en passant par les tenues singuli\u00e8res des [&#8230;]\n","protected":false},"featured_media":405,"template":"","meta":[],"product_brand":[],"product_cat":[26],"product_tag":[],"class_list":{"0":"post-411","1":"product","2":"type-product","3":"status-publish","4":"has-post-thumbnail","6":"product_cat-les-beaux-livres","8":"first","9":"instock","10":"shipping-taxable","11":"purchasable","12":"product-type-simple"},"_links":{"self":[{"href":"https:\/\/www.editionsastarte.com\/en\/wp-json\/wp\/v2\/product\/411","targetHints":{"allow":["GET"]}}],"collection":[{"href":"https:\/\/www.editionsastarte.com\/en\/wp-json\/wp\/v2\/product"}],"about":[{"href":"https:\/\/www.editionsastarte.com\/en\/wp-json\/wp\/v2\/types\/product"}],"wp:featuredmedia":[{"embeddable":true,"href":"https:\/\/www.editionsastarte.com\/en\/wp-json\/wp\/v2\/media\/405"}],"wp:attachment":[{"href":"https:\/\/www.editionsastarte.com\/en\/wp-json\/wp\/v2\/media?parent=411"}],"wp:term":[{"taxonomy":"product_brand","embeddable":true,"href":"https:\/\/www.editionsastarte.com\/en\/wp-json\/wp\/v2\/product_brand?post=411"},{"taxonomy":"product_cat","embeddable":true,"href":"https:\/\/www.editionsastarte.com\/en\/wp-json\/wp\/v2\/product_cat?post=411"},{"taxonomy":"product_tag","embeddable":true,"href":"https:\/\/www.editionsastarte.com\/en\/wp-json\/wp\/v2\/product_tag?post=411"}],"curies":[{"name":"wp","href":"https:\/\/api.w.org\/{rel}","templated":true}]}}