{"id":417,"date":"2023-01-31T13:35:50","date_gmt":"2023-01-31T12:35:50","guid":{"rendered":"http:\/\/bbbweco.cluster031.hosting.ovh.net\/editionsastarte\/produit\/pascin-1885-1930\/"},"modified":"2026-01-05T21:01:29","modified_gmt":"2026-01-05T20:01:29","slug":"pascin-1885-1930","status":"publish","type":"product","link":"https:\/\/www.editionsastarte.com\/en\/produit\/pascin-1885-1930\/","title":{"rendered":"PASCIN 1885 &#8211; 1930"},"content":{"rendered":"<p>Yves KOBRY, Elisheva COHEN, Jeanine WARNOD, etc\u2026<br \/>\nUn volume reli\u00e9, cartonn\u00e9, avec jaquette, imprim\u00e9 en couleur, 142 pages, (25 x 30), publi\u00e9 par les \u00e9ditions Ho\u00ebbeke<br \/>\nPascin, n\u00e9 en 1885 en Bulgarie, est devenu une des figures marquantes du Montparnasse des ann\u00e9es folles. Il a su d\u00e9velopper une \u00e9criture personnelle aux lignes vives, imp\u00e9tueuses, nerveuses : son dessin est violent, actif, et sa peinture floue, passive, irr\u00e9elle. Ce livre nous r\u00e9v\u00e8le le talent de cet artiste exceptionnel, gr\u00e2ce \u00e0 de nombreuses illustrations et peintures, et de mieux comprendre le personnage \u00e0 travers le regard qu&#8217;ont port\u00e9 sur lui de grands artistes amis, tels Ernest Hemingway, Pierre Mac Orlan, Paul Morand, Andr\u00e9 Papazoff&#8230;<\/p>\n<p> &#8212; <\/p>\n<p>PASCIN 1885 &#8211; 1930<br \/>\nYves KOBRY, Elisheva COHEN, Jeanine WARNOD, etc\u2026<\/p>\n<p>Hardcover jacketed book, printed in color, 142 pages, (25 x 30), published by \u00e9ditions Ho\u00ebbeke<br \/>\nPascin, n\u00e9 en 1885 en Bulgarie, est devenu une des figures marquantes du Montparnasse des ann\u00e9es folles. Il a su d\u00e9velopper une \u00e9criture personnelle aux lignes vives, imp\u00e9tueuses, nerveuses : son dessin est violent, actif, et sa peinture floue, passive, irr\u00e9elle. Ce livre nous r\u00e9v\u00e8le le talent de cet artiste exceptionnel, gr\u00e2ce \u00e0 de nombreuses illustrations et peintures, et de mieux comprendre le personnage \u00e0 travers le regard qu&#8217;ont port\u00e9 sur lui de grands artistes amis, tels Ernest Hemingway, Pierre Mac Orlan, Paul Morand, Andr\u00e9 Papazoff&#8230;<\/p>\n","protected":false},"excerpt":{"rendered":"<p>Yves KOBRY, Elisheva COHEN, Jeanine WARNOD, etc\u2026 Un volume reli\u00e9, cartonn\u00e9, avec jaquette, imprim\u00e9 en couleur, 142 pages, (25 x 30), publi\u00e9 par les \u00e9ditions Ho\u00ebbeke Pascin, n\u00e9 en 1885 en Bulgarie, est devenu une des figures marquantes du Montparnasse des ann\u00e9es folles. Il a su d\u00e9velopper une \u00e9criture personnelle aux lignes vives, imp\u00e9tueuses, nerveuses [&#8230;]\n","protected":false},"featured_media":412,"template":"","meta":[],"product_brand":[],"product_cat":[26],"product_tag":[],"class_list":{"0":"post-417","1":"product","2":"type-product","3":"status-publish","4":"has-post-thumbnail","6":"product_cat-les-beaux-livres","8":"first","9":"instock","10":"shipping-taxable","11":"purchasable","12":"product-type-simple"},"_links":{"self":[{"href":"https:\/\/www.editionsastarte.com\/en\/wp-json\/wp\/v2\/product\/417","targetHints":{"allow":["GET"]}}],"collection":[{"href":"https:\/\/www.editionsastarte.com\/en\/wp-json\/wp\/v2\/product"}],"about":[{"href":"https:\/\/www.editionsastarte.com\/en\/wp-json\/wp\/v2\/types\/product"}],"wp:featuredmedia":[{"embeddable":true,"href":"https:\/\/www.editionsastarte.com\/en\/wp-json\/wp\/v2\/media\/412"}],"wp:attachment":[{"href":"https:\/\/www.editionsastarte.com\/en\/wp-json\/wp\/v2\/media?parent=417"}],"wp:term":[{"taxonomy":"product_brand","embeddable":true,"href":"https:\/\/www.editionsastarte.com\/en\/wp-json\/wp\/v2\/product_brand?post=417"},{"taxonomy":"product_cat","embeddable":true,"href":"https:\/\/www.editionsastarte.com\/en\/wp-json\/wp\/v2\/product_cat?post=417"},{"taxonomy":"product_tag","embeddable":true,"href":"https:\/\/www.editionsastarte.com\/en\/wp-json\/wp\/v2\/product_tag?post=417"}],"curies":[{"name":"wp","href":"https:\/\/api.w.org\/{rel}","templated":true}]}}