{"id":44,"date":"2023-01-31T13:34:45","date_gmt":"2023-01-31T12:34:45","guid":{"rendered":"http:\/\/bbbweco.cluster031.hosting.ovh.net\/editionsastarte\/produit\/le-sentiment-de-la-famille\/"},"modified":"2026-04-07T19:43:12","modified_gmt":"2026-04-07T17:43:12","slug":"le-sentiment-de-la-famille","status":"publish","type":"product","link":"https:\/\/www.editionsastarte.com\/en\/produit\/le-sentiment-de-la-famille\/","title":{"rendered":"LE SENTIMENT DE LA FAMILLE"},"content":{"rendered":"<p>Pierre LOU\u0178S, Erich VON G\u00d6THA<br \/>\nUn des 1449 ex. num\u00e9rot\u00e9s (15 x 21) Impression en couleurs, 80 pages<br \/>\nSuite \u00e0 notre d\u00e9couverte de ce manuscrit \u00e9rotique in\u00e9dit de Pierre Lou\u00ffs, nous avons con\u00e7u cet ouvrage dans l&#8217;esprit des \u00e9ditions clandestines des ann\u00e9es trente. Erich Von G\u00f6tha, le p\u00e8re de Janice, nous a paru tout indiqu\u00e9 pour illustrer ce texte tr\u00e8s cru et plein d&#8217;humour  rappellant le c\u00e9l\u00e8bre roman Trois filles de leur m\u00e8re. Pr\u00e9face de Jean-Paul Goujon<\/p>\n<p> &#8212; <\/p>\n<p>LE SENTIMENT DE LA FAMILLE<br \/>\nPierre LOU\u0178S, Erich VON G\u00d6THA<\/p>\n<p>One of the 1,449 numbered copies, 15 by 21 cm,  pasted-on vignettes, colour prints, 80 pages, 13 illustrations by Erich Von G\u00f4tha.<br \/>\nThe text you are about to discover, an erotic unpublished story by Pierre Lou\u00ffs, is one of the numerous peaks of a gigantic iceberg, of which the huge mass remains unseen, and thus unknown. Erich Von G\u00f6tha, the father of Janice, appeared to be the perfect illustrator for this crude and humorous text which reminds us of the famous novel Mother\u2019s three daughters. Preface by Jean-Paul Goujon.<\/p>\n","protected":false},"excerpt":{"rendered":"<p>Pierre LOU\u0178S, Erich VON G\u00d6THA Un des 1449 ex. num\u00e9rot\u00e9s (15 x 21) Impression en couleurs, 80 pages Suite \u00e0 notre d\u00e9couverte de ce manuscrit \u00e9rotique in\u00e9dit de Pierre Lou\u00ffs, nous avons con\u00e7u cet ouvrage dans l&#8217;esprit des \u00e9ditions clandestines des ann\u00e9es trente. Erich Von G\u00f6tha, le p\u00e8re de Janice, nous a paru tout indiqu\u00e9 [&#8230;]\n","protected":false},"featured_media":40,"template":"","meta":[],"product_brand":[],"product_cat":[20],"product_tag":[],"class_list":{"0":"post-44","1":"product","2":"type-product","3":"status-publish","4":"has-post-thumbnail","6":"product_cat-lart-dans-lerotisme","8":"first","9":"instock","10":"shipping-taxable","11":"purchasable","12":"product-type-simple"},"_links":{"self":[{"href":"https:\/\/www.editionsastarte.com\/en\/wp-json\/wp\/v2\/product\/44","targetHints":{"allow":["GET"]}}],"collection":[{"href":"https:\/\/www.editionsastarte.com\/en\/wp-json\/wp\/v2\/product"}],"about":[{"href":"https:\/\/www.editionsastarte.com\/en\/wp-json\/wp\/v2\/types\/product"}],"wp:featuredmedia":[{"embeddable":true,"href":"https:\/\/www.editionsastarte.com\/en\/wp-json\/wp\/v2\/media\/40"}],"wp:attachment":[{"href":"https:\/\/www.editionsastarte.com\/en\/wp-json\/wp\/v2\/media?parent=44"}],"wp:term":[{"taxonomy":"product_brand","embeddable":true,"href":"https:\/\/www.editionsastarte.com\/en\/wp-json\/wp\/v2\/product_brand?post=44"},{"taxonomy":"product_cat","embeddable":true,"href":"https:\/\/www.editionsastarte.com\/en\/wp-json\/wp\/v2\/product_cat?post=44"},{"taxonomy":"product_tag","embeddable":true,"href":"https:\/\/www.editionsastarte.com\/en\/wp-json\/wp\/v2\/product_tag?post=44"}],"curies":[{"name":"wp","href":"https:\/\/api.w.org\/{rel}","templated":true}]}}