{"id":464,"date":"2023-01-31T13:35:59","date_gmt":"2023-01-31T12:35:59","guid":{"rendered":"http:\/\/bbbweco.cluster031.hosting.ovh.net\/editionsastarte\/produit\/mirka\/"},"modified":"2026-03-15T19:08:01","modified_gmt":"2026-03-15T18:08:01","slug":"mirka","status":"publish","type":"product","link":"https:\/\/www.editionsastarte.com\/en\/produit\/mirka\/","title":{"rendered":"M\u00cfRKA"},"content":{"rendered":"<p>Gilles BERQUET<br \/>\nUn volume cartonn\u00e9, imprim\u00e9 en noir et blanc, 95 pages, (23 x 23), publi\u00e9 par les \u00e9ditions Marval<br \/>\nM\u00efrka est un livre de photographie qui se lit comme un livre de contes pour grande personne. La muse du photographe Gilles Berquet, M\u00efrka Lugosi, mod\u00e8le et dessinatrice bien connue par ailleurs des amateurs d&#8217;\u00e9rotisme, incarne tout \u00e0 la fois plusieurs personnages : un g\u00e9nie de la for\u00eat jouant au milieu des arbres et des animaux, une \u00e9trange poup\u00e9e masqu\u00e9e ou une inqui\u00e9tante blonde sophistiqu\u00e9e. Ces diff\u00e9rents personnages s&#8217;affrontent \u00e0 coup de fac\u00e9ties et de danses dans un m\u00eame environnement qui donne \u00e0 ce livre une unit\u00e9 de lieu toute litt\u00e9raire. Le livre achev\u00e9, le lecteur retrouvera regroup\u00e9 dans un DVD les m\u00eames personnages dans des petits films d&#8217;artistes, v\u00e9ritables sayn\u00e8tes qui poursuivent les aventures de M\u00efrka sur l&#8217;\u00e9cran d&#8217;ordinateur ou le t\u00e9l\u00e9viseur. Le DVD est inclus.<\/p>\n<p> &#8212; <\/p>\n<p>M\u00cfRKA<br \/>\nGilles BERQUET<\/p>\n<p>Hardcover book, printed in black and white, 95 pages, (23 x 23), published by \u00e9ditions Marval<br \/>\nM\u00efrka est un livre de photographie qui se lit comme un livre de contes pour grande personne. La muse du photographe Gilles Berquet, M\u00efrka Lugosi, mod\u00e8le et dessinatrice bien connue par ailleurs des amateurs d&#8217;\u00e9rotisme, incarne tout \u00e0 la fois plusieurs personnages : un g\u00e9nie de la for\u00eat jouant au milieu des arbres et des animaux, une \u00e9trange poup\u00e9e masqu\u00e9e ou une inqui\u00e9tante blonde sophistiqu\u00e9e. Ces diff\u00e9rents personnages s&#8217;affrontent \u00e0 coup de fac\u00e9ties et de danses dans un m\u00eame environnement qui donne \u00e0 ce livre une unit\u00e9 de lieu toute litt\u00e9raire. Le livre achev\u00e9, le lecteur retrouvera regroup\u00e9 dans un DVD les m\u00eames personnages dans des petits films d&#8217;artistes, v\u00e9ritables sayn\u00e8tes qui poursuivent les aventures de M\u00efrka sur l&#8217;\u00e9cran d&#8217;ordinateur ou le t\u00e9l\u00e9viseur. Le DVD est inclus.<\/p>\n","protected":false},"excerpt":{"rendered":"<p>Gilles BERQUET Un volume cartonn\u00e9, imprim\u00e9 en noir et blanc, 95 pages, (23 x 23), publi\u00e9 par les \u00e9ditions Marval M\u00efrka est un livre de photographie qui se lit comme un livre de contes pour grande personne. La muse du photographe Gilles Berquet, M\u00efrka Lugosi, mod\u00e8le et dessinatrice bien connue par ailleurs des amateurs d&#8217;\u00e9rotisme, [&#8230;]\n","protected":false},"featured_media":458,"template":"","meta":[],"product_brand":[],"product_cat":[27],"product_tag":[],"class_list":{"0":"post-464","1":"product","2":"type-product","3":"status-publish","4":"has-post-thumbnail","6":"product_cat-la-photographie-erotique","8":"first","9":"instock","10":"shipping-taxable","11":"purchasable","12":"product-type-simple"},"_links":{"self":[{"href":"https:\/\/www.editionsastarte.com\/en\/wp-json\/wp\/v2\/product\/464","targetHints":{"allow":["GET"]}}],"collection":[{"href":"https:\/\/www.editionsastarte.com\/en\/wp-json\/wp\/v2\/product"}],"about":[{"href":"https:\/\/www.editionsastarte.com\/en\/wp-json\/wp\/v2\/types\/product"}],"wp:featuredmedia":[{"embeddable":true,"href":"https:\/\/www.editionsastarte.com\/en\/wp-json\/wp\/v2\/media\/458"}],"wp:attachment":[{"href":"https:\/\/www.editionsastarte.com\/en\/wp-json\/wp\/v2\/media?parent=464"}],"wp:term":[{"taxonomy":"product_brand","embeddable":true,"href":"https:\/\/www.editionsastarte.com\/en\/wp-json\/wp\/v2\/product_brand?post=464"},{"taxonomy":"product_cat","embeddable":true,"href":"https:\/\/www.editionsastarte.com\/en\/wp-json\/wp\/v2\/product_cat?post=464"},{"taxonomy":"product_tag","embeddable":true,"href":"https:\/\/www.editionsastarte.com\/en\/wp-json\/wp\/v2\/product_tag?post=464"}],"curies":[{"name":"wp","href":"https:\/\/api.w.org\/{rel}","templated":true}]}}