{"id":466,"date":"2023-01-31T13:35:59","date_gmt":"2023-01-31T12:35:59","guid":{"rendered":"http:\/\/bbbweco.cluster031.hosting.ovh.net\/editionsastarte\/produit\/the-seven-deadly-sins-lust\/"},"modified":"2023-05-08T12:12:31","modified_gmt":"2023-05-08T10:12:31","slug":"the-seven-deadly-sins-lust","status":"publish","type":"product","link":"https:\/\/www.editionsastarte.com\/en\/produit\/the-seven-deadly-sins-lust\/","title":{"rendered":"THE SEVEN DEADLY SINS + LUST"},"content":{"rendered":"<p>Maria BEATTY<br \/>\nUn DVD comprenant deux films couleur de 52 et 35 minutes et en bonus une galerie de photos : la collection de femme de chambre de 1930 par Alexandre Dupouy<br \/>\nDans le go\u00fbt des ann\u00e9es folles, f\u00e9tichisme et \u00e9rotisme.<br \/>\nBeatty est une v\u00e9ritable artiste, avec une passion pour le cin\u00e9ma \u00e0 la fois exquise et perverse. Ses films ont un look \u00e9l\u00e9gant \u00e0 l&#8217;ancienne, comme un film d&#8217;art allemand de 1925 ou une carte postale fran\u00e7aise coquine qui reviendrait \u00e0 la vie.<\/p>\n<p> &#8212; <\/p>\n<p>THE SEVEN DEADLY SINS + LUST<br \/>\nMaria BEATTY<\/p>\n<p>A DVD including two color film of 52 and 35 minutes<br \/>\nPhoto gallery : 1930&#8217;s maid collection by Alexandre Dupouy<br \/>\nIn the style of the Roaring Twenties, fetishism and eroticism.<br \/>\nBEATTY is a real artist, with a passion for both exquisite filmmaking and serious kink. Her movies have an elegant, old-fashioned look, like a 1925&#8217;s german art film or a naughty french postcard come to life.<\/p>\n","protected":false},"excerpt":{"rendered":"<p>Maria BEATTY Un DVD comprenant deux films couleur de 52 et 35 minutes et en bonus une galerie de photos : la collection de femme de chambre de 1930 par Alexandre Dupouy Dans le go\u00fbt des ann\u00e9es folles, f\u00e9tichisme et \u00e9rotisme. Beatty est une v\u00e9ritable artiste, avec une passion pour le cin\u00e9ma \u00e0 la fois [&#8230;]\n","protected":false},"featured_media":465,"template":"","meta":[],"product_brand":[],"product_cat":[31],"product_tag":[],"class_list":{"0":"post-466","1":"product","2":"type-product","3":"status-publish","4":"has-post-thumbnail","6":"product_cat-autres-dvd","8":"first","9":"instock","10":"shipping-taxable","11":"purchasable","12":"product-type-simple"},"_links":{"self":[{"href":"https:\/\/www.editionsastarte.com\/en\/wp-json\/wp\/v2\/product\/466","targetHints":{"allow":["GET"]}}],"collection":[{"href":"https:\/\/www.editionsastarte.com\/en\/wp-json\/wp\/v2\/product"}],"about":[{"href":"https:\/\/www.editionsastarte.com\/en\/wp-json\/wp\/v2\/types\/product"}],"wp:featuredmedia":[{"embeddable":true,"href":"https:\/\/www.editionsastarte.com\/en\/wp-json\/wp\/v2\/media\/465"}],"wp:attachment":[{"href":"https:\/\/www.editionsastarte.com\/en\/wp-json\/wp\/v2\/media?parent=466"}],"wp:term":[{"taxonomy":"product_brand","embeddable":true,"href":"https:\/\/www.editionsastarte.com\/en\/wp-json\/wp\/v2\/product_brand?post=466"},{"taxonomy":"product_cat","embeddable":true,"href":"https:\/\/www.editionsastarte.com\/en\/wp-json\/wp\/v2\/product_cat?post=466"},{"taxonomy":"product_tag","embeddable":true,"href":"https:\/\/www.editionsastarte.com\/en\/wp-json\/wp\/v2\/product_tag?post=466"}],"curies":[{"name":"wp","href":"https:\/\/api.w.org\/{rel}","templated":true}]}}