{"id":471,"date":"2023-01-31T13:36:00","date_gmt":"2023-01-31T12:36:00","guid":{"rendered":"http:\/\/bbbweco.cluster031.hosting.ovh.net\/editionsastarte\/produit\/les-larmes-direne\/"},"modified":"2023-05-07T18:44:42","modified_gmt":"2023-05-07T16:44:42","slug":"les-larmes-direne","status":"publish","type":"product","link":"https:\/\/www.editionsastarte.com\/en\/produit\/les-larmes-direne\/","title":{"rendered":"LES LARMES D&#8217;IRENE"},"content":{"rendered":"<p>Herv\u00e9 CHAYETTE<br \/>\nUn des 200 exemplaires broch\u00e9s de 164 pages (132 x 215).<br \/>\n&#8220;Ce qu\u2019elle avait de plus attirant, c\u2019\u00e9tait une paire de seins gros et fermes, couronn\u00e9s d\u2019ar\u00e9oles roses larges comme des soucoupes au centre desq uelles se dressaient des mamelons longs et puissamment \u00e9rectiles. Ils devinrent plus turgescents encore quand Ir\u00e8ne entreprit de les sucer, longuement, l\u2019un apr\u00e8s l\u2019autre. Elle travaillait de la main celui qui n\u2019\u00e9tait pas entre ses l\u00e8vres, de sorte que l\u2019excitation de Ruth \u00e9tait bifide. Son sexe intouch\u00e9 r\u00e9clamait d\u00e9sesp\u00e9r\u00e9ment la caresse, mais Ir\u00e8ne s\u2019attardait avec perversit\u00e9 sur les seins. Enfin, sa bouche descendit. Sa langue effleurant \u00e0 peine le bouton, Ruth eut un spasme violent et g\u00e9mit.&#8221;<\/p>\n<p>Les \u00e9ditions Astart\u00e9, plut\u00f4t coutumi\u00e8res des \u00ab beaux livres \u00bb et \u00ab livres d\u2019art \u00bb, n\u2019ont pas pour vocation de publier de fictions. Toutefois, n\u00e9e dans l\u2019enceinte de l\u2019H\u00f4tel des ventes de la rue Drouot, la relation amicale \u00e9tablie avec Herv\u00e9 Chayette nous a pouss\u00e9 \u00e0 d\u00e9couvrir son dernier manuscrit r\u00e9v\u00e9lant un pan insoup\u00e7onn\u00e9 du monde de l\u2019art.<br \/>\nSa singularit\u00e9 inspir\u00e9e et le succ\u00e8s de la publication du Marteau de Chair (Astart\u00e9, 2012) nous ont encourag\u00e9s \u00e0 commettre l\u2019exception. On ne peut r\u00e9sister au charme sulfureux de ce thriller \u00e9rotique qui, situ\u00e9 dans le monde international des ench\u00e8res, \u00e9voque puissamment les frasques aristocratiques du marquis de Sade et celles des protagonistes des Onze mille verges d\u2019Apollinaire.<br \/>Lisez et ench\u00e9rissez ! Pour nous, c\u2019est adjug\u00e9 : Les larmes d\u2019Ir\u00e8ne se devaient de couler au grand jour afin de mouiller plus que vos yeux.<\/p>\n<p> &#8212; <\/p>\n<p>LES LARMES D&#8217;IRENE<br \/>\nHerv\u00e9 CHAYETTE<\/p>\n<p>Un des 200 exemplaires broch\u00e9s de 164 pages (132 x 215).<br \/>\n&#8220;Ce qu\u2019elle avait de plus attirant, c\u2019\u00e9tait une paire de seins gros et fermes, couronn\u00e9s d\u2019ar\u00e9oles roses larges comme des soucoupes au centre desq uelles se dressaient des mamelons longs et puissamment \u00e9rectiles. Ils devinrent plus turgescents encore quand Ir\u00e8ne entreprit de les sucer, longuement, l\u2019un apr\u00e8s l\u2019autre. Elle travaillait de la main celui qui n\u2019\u00e9tait pas entre ses l\u00e8vres, de sorte que l\u2019excitation de Ruth \u00e9tait bifide. Son sexe intouch\u00e9 r\u00e9clamait d\u00e9sesp\u00e9r\u00e9ment la caresse, mais Ir\u00e8ne s\u2019attardait avec perversit\u00e9 sur les seins. Enfin, sa bouche descendit. Sa langue effleurant \u00e0 peine le bouton, Ruth eut un spasme violent et g\u00e9mit.&#8221;<\/p>\n<p>Les \u00e9ditions Astart\u00e9, plut\u00f4t coutumi\u00e8res des \u00ab beaux livres \u00bb et \u00ab livres d\u2019art \u00bb, n\u2019ont pas pour vocation de publier de fictions. Toutefois, n\u00e9e dans l\u2019enceinte de l\u2019H\u00f4tel des ventes de la rue Drouot, la relation amicale \u00e9tablie avec Herv\u00e9 Chayette nous a pouss\u00e9 \u00e0 d\u00e9couvrir son dernier manuscrit r\u00e9v\u00e9lant un pan insoup\u00e7onn\u00e9 du monde de l\u2019art.<br \/>\nSa singularit\u00e9 inspir\u00e9e et le succ\u00e8s de la publication du Marteau de Chair (Astart\u00e9, 2012) nous ont encourag\u00e9s \u00e0 commettre l\u2019exception. On ne peut r\u00e9sister au charme sulfureux de ce thriller \u00e9rotique qui, situ\u00e9 dans le monde international des ench\u00e8res, \u00e9voque puissamment les frasques aristocratiques du marquis de Sade et celles des protagonistes des Onze mille verges d\u2019Apollinaire.<br \/>Lisez et ench\u00e9rissez ! Pour nous, c\u2019est adjug\u00e9 : Les larmes d\u2019Ir\u00e8ne se devaient de couler au grand jour afin de mouiller plus que vos yeux.<\/p>\n","protected":false},"excerpt":{"rendered":"<p>Herv\u00e9 CHAYETTE Un des 200 exemplaires broch\u00e9s de 164 pages (132 x 215). &#8220;Ce qu\u2019elle avait de plus attirant, c\u2019\u00e9tait une paire de seins gros et fermes, couronn\u00e9s d\u2019ar\u00e9oles roses larges comme des soucoupes au centre desq uelles se dressaient des mamelons longs et puissamment \u00e9rectiles. Ils devinrent plus turgescents encore quand Ir\u00e8ne entreprit de [&#8230;]\n","protected":false},"featured_media":467,"template":"","meta":[],"product_brand":[],"product_cat":[16],"product_tag":[],"class_list":{"0":"post-471","1":"product","2":"type-product","3":"status-publish","4":"has-post-thumbnail","6":"product_cat-nos-editions","8":"first","9":"instock","10":"shipping-taxable","11":"purchasable","12":"product-type-simple"},"_links":{"self":[{"href":"https:\/\/www.editionsastarte.com\/en\/wp-json\/wp\/v2\/product\/471","targetHints":{"allow":["GET"]}}],"collection":[{"href":"https:\/\/www.editionsastarte.com\/en\/wp-json\/wp\/v2\/product"}],"about":[{"href":"https:\/\/www.editionsastarte.com\/en\/wp-json\/wp\/v2\/types\/product"}],"wp:featuredmedia":[{"embeddable":true,"href":"https:\/\/www.editionsastarte.com\/en\/wp-json\/wp\/v2\/media\/467"}],"wp:attachment":[{"href":"https:\/\/www.editionsastarte.com\/en\/wp-json\/wp\/v2\/media?parent=471"}],"wp:term":[{"taxonomy":"product_brand","embeddable":true,"href":"https:\/\/www.editionsastarte.com\/en\/wp-json\/wp\/v2\/product_brand?post=471"},{"taxonomy":"product_cat","embeddable":true,"href":"https:\/\/www.editionsastarte.com\/en\/wp-json\/wp\/v2\/product_cat?post=471"},{"taxonomy":"product_tag","embeddable":true,"href":"https:\/\/www.editionsastarte.com\/en\/wp-json\/wp\/v2\/product_tag?post=471"}],"curies":[{"name":"wp","href":"https:\/\/api.w.org\/{rel}","templated":true}]}}