{"id":472,"date":"2023-01-31T13:36:00","date_gmt":"2023-01-31T12:36:00","guid":{"rendered":"http:\/\/bbbweco.cluster031.hosting.ovh.net\/editionsastarte\/produit\/les-films-interdits-des-maisons-closes-volume-1\/"},"modified":"2023-05-07T18:27:32","modified_gmt":"2023-05-07T16:27:32","slug":"les-films-interdits-des-maisons-closes-volume-1","status":"publish","type":"product","link":"https:\/\/www.editionsastarte.com\/en\/produit\/les-films-interdits-des-maisons-closes-volume-1\/","title":{"rendered":"LES FILMS INTERDITS DES MAISONS CLOSES, VOLUME 1"},"content":{"rendered":"<p>ANONYMES<br \/>\nUn DVD de 60 minutes : les Filles d&#8217;amour, trio, le Godemichet, le Chauffeur de ces dames, Solitude, Monsieur a sonn\u00e9, Mademoiselle prend son bain, Miss dynamite, et en bonus une interview de Marthe Richard.<br \/>\nTout \u00e0 commenc\u00e9 d\u00e8s l&#8217;invention du cin\u00e9matographe\u2026 Les maisons closes ajout\u00e8rent cette forme de spectacle aux plaisirs qu&#8217;elles proposaient d\u00e9j\u00e0 \u00e0 leurs habitu\u00e9s. Le Chabannais, le Sphinx, le One Two Two, le Temple de V\u00e9nus sont devenues ainsi les premi\u00e8res salles de projections os\u00e9es\u2026<br \/>\nCes films interdits firent les nuits chaudes du gai Paris des ann\u00e9es folles\u2026<\/p>\n<p> &#8212; <\/p>\n<p>LES FILMS INTERDITS DES MAISONS CLOSES, VOLUME 1<br \/>\nANONYMOUS<\/p>\n<p>Un DVD de 60 minutes : les Filles d&#8217;amour, trio, le Godemichet, le Chauffeur de ces dames, Solitude, Monsieur a sonn\u00e9, Mademoiselle prend son bain, Miss dynamite, et en bonus une interview de Marthe Richard.<br \/>\nTout \u00e0 commenc\u00e9 d\u00e8s l&#8217;invention du cin\u00e9matographe\u2026 Les maisons closes ajout\u00e8rent cette forme de spectacle aux plaisirs qu&#8217;elles proposaient d\u00e9j\u00e0 \u00e0 leurs habitu\u00e9s. Le Chabannais, le Sphinx, le One Two Two, le Temple de V\u00e9nus sont devenues ainsi les premi\u00e8res salles de projections os\u00e9es\u2026<br \/>\nCes films interdits firent les nuits chaudes du gai Paris des ann\u00e9es folles\u2026<\/p>\n","protected":false},"excerpt":{"rendered":"<p>ANONYMES Un DVD de 60 minutes : les Filles d&#8217;amour, trio, le Godemichet, le Chauffeur de ces dames, Solitude, Monsieur a sonn\u00e9, Mademoiselle prend son bain, Miss dynamite, et en bonus une interview de Marthe Richard. Tout \u00e0 commenc\u00e9 d\u00e8s l&#8217;invention du cin\u00e9matographe\u2026 Les maisons closes ajout\u00e8rent cette forme de spectacle aux plaisirs qu&#8217;elles proposaient [&#8230;]\n","protected":false},"featured_media":406,"template":"","meta":[],"product_brand":[],"product_cat":[31],"product_tag":[],"class_list":{"0":"post-472","1":"product","2":"type-product","3":"status-publish","4":"has-post-thumbnail","6":"product_cat-autres-dvd","8":"first","9":"instock","10":"shipping-taxable","11":"purchasable","12":"product-type-simple"},"_links":{"self":[{"href":"https:\/\/www.editionsastarte.com\/en\/wp-json\/wp\/v2\/product\/472","targetHints":{"allow":["GET"]}}],"collection":[{"href":"https:\/\/www.editionsastarte.com\/en\/wp-json\/wp\/v2\/product"}],"about":[{"href":"https:\/\/www.editionsastarte.com\/en\/wp-json\/wp\/v2\/types\/product"}],"wp:featuredmedia":[{"embeddable":true,"href":"https:\/\/www.editionsastarte.com\/en\/wp-json\/wp\/v2\/media\/406"}],"wp:attachment":[{"href":"https:\/\/www.editionsastarte.com\/en\/wp-json\/wp\/v2\/media?parent=472"}],"wp:term":[{"taxonomy":"product_brand","embeddable":true,"href":"https:\/\/www.editionsastarte.com\/en\/wp-json\/wp\/v2\/product_brand?post=472"},{"taxonomy":"product_cat","embeddable":true,"href":"https:\/\/www.editionsastarte.com\/en\/wp-json\/wp\/v2\/product_cat?post=472"},{"taxonomy":"product_tag","embeddable":true,"href":"https:\/\/www.editionsastarte.com\/en\/wp-json\/wp\/v2\/product_tag?post=472"}],"curies":[{"name":"wp","href":"https:\/\/api.w.org\/{rel}","templated":true}]}}