{"id":475,"date":"2023-01-31T13:36:00","date_gmt":"2023-01-31T12:36:00","guid":{"rendered":"http:\/\/bbbweco.cluster031.hosting.ovh.net\/editionsastarte\/produit\/venus-au-bordel\/"},"modified":"2025-11-08T22:25:36","modified_gmt":"2025-11-08T21:25:36","slug":"venus-au-bordel","status":"publish","type":"product","link":"https:\/\/www.editionsastarte.com\/en\/produit\/venus-au-bordel\/","title":{"rendered":"V\u00c9NUS AU BORDEL"},"content":{"rendered":"<p>Pr\u00e9sent\u00e9 par Alexandre DUPOUY<br \/>\nUn des 1000 exemplaires broch\u00e9s, 96 pages (16,5  x  24) &#8211; 240 illustrations en noir et blanc<br \/>\nPour tenter de percer le myst\u00e8re de sa condition, nous pouvons toutefois compter sur elle et son caract\u00e8re singulier. Elle nous laisse comme fil d\u2019Ariane quelques photographies o\u00f9 elle accepte de s\u2019offrir, non pas dans la d\u00e9ch\u00e9ance vers laquelle les moralisateurs voudraient la cantonner, mais \u00e9talant, outrageante et rayonnante, ses particularit\u00e9s au sein de l\u2019\u00e9ternel f\u00e9minin. Parfois, l\u2019apr\u00e8s-midi, avant l\u2019affluence de l\u2019amour v\u00e9nal qui se consomme plut\u00f4t \u00e0 la nuit, elle acc\u00e8de \u00e0 la requ\u00eate de rares photographes amateurs, moyennant une r\u00e9tribution cons\u00e9quente, plus proche de celle des sp\u00e9cialit\u00e9s qu\u2019elle ma\u00eetrise que du d\u00e9pucelage d\u2019un potache. L\u00e0, elle s\u2019ex\u00e9cute, mais aussi propose, se r\u00e9v\u00e9lant souvent provocante et parfois maladroite. L\u2019image ainsi con\u00e7ue ne circulera pas. Si elle n\u2019est pas destin\u00e9e \u00e0 servir la maison, elle restera confin\u00e9e au fond du second rayon d\u2019une biblioth\u00e8que bourgeoise et dans le secret d\u2019une complicit\u00e9 unique, n\u00e9e entre la fille et son voyeur. Pour la plupart, ces photographies n\u2019existent qu\u2019en un seul exemplaire, et sont d\u00e9couvertes de fa\u00e7on \u00e9pisodique et hasardeuse N\u00e9anmoins, tout chercheur, tout collectionneur, poursuit inlassablement son Graal. Dans une qu\u00eate aussi captivante\u2026<br \/>\nExtrait de la pr\u00e9face d\u2019Alexandre Dupouy<\/p>\n<p> &#8212; <\/p>\n<p>V\u00c9NUS AU BORDEL<br \/>\nPr\u00e9sent\u00e9 par Alexandre DUPOUY<\/p>\n<p>Un des 1000 exemplaires broch\u00e9s, 96 pages (16,5  x  24) &#8211; 240 illustrations en noir et blanc<br \/>\nEnglish translation inside<br \/>\nVENUS IN THE BROTHEL<\/p>\n<p>Who lies within this brothel: a Pandora\u2019s box giving free rein to every fantasy? Or more precisely, the objects of fantasies\u2026 those of the young virgin who must overcome his clumsiness to become a fully-fledged man? Or indeed the old pervert attempting to rekindle his ardour using subterfuges when he is only fooling himself? It would seem that these two extremes come together there, amongst a great many others.<br \/>\nBut how can this mystery be unravelled nowadays without falling victim to apparent certainties? French law closed down the \u201cmaisons closes\u201d from 1946 &#8211; a tautology, quipped the actress Arletty at the time \u2013 but did nothing to address the multitude of questions posed by the workings of mercenary love. Today three generations have never experienced the activities of brothels, which were managed by various secular institutions whose official publications -we are referring solely to French territory here- date back to St. Louis (1214-1270).<br \/>\nThis lack of experience and visibility opens the door to all sorts of misinterpretations. However, the documentation exists. For anyone researching the life of brothels from 1870-1940 -the decades covered by the photographs in this book- hundreds of publications are available constituting an extremely thorough inventory. It brings together -each in their respective camps- the \u201cromantics\u201d, Pierre Mac Orlan, Francis Carco; the Puritans, Ren\u00e9 B\u00e9renger, \u00c9mile Pour\u00e9sy; the hard-core nostalgics, Michel Simon, Alphonse Boudard; the abolitionists, Marthe Richard, Josephine Butler; or the advocates for regulation with Alexandre Parent-Duch\u00e2telet serving as mentor. They all want to be -or might- be right, but no one is seeing or talking about the same thing. The issue must be much more complex than it seems. The declarations of various studies on prostitution, often in the form of advocacy or indictments, are so conflicting that it is impossible to get a fair idea without likewise taking sides. Courtesans or human chattel? Receptacles for semen or enchantresses of the male elite? Incendiary communards or maltreated innocents? The 19th century prostitute gives rise to many enigmas.<br \/>\nIn an attempt to unravel the mystery of her condition, we can nevertheless rely on the figure herself and her singular character. She has bequeathed us some photographs comparable to Ariadne\u2019s thread, wherein she consents to offer herself up, not in the degradation to which the sanctimonious would confine her, but outrageous and radiant, magnifying her characteristics within the eternal feminine.<br \/>\nOccasionally in the afternoons, before the influx of mercenary sex more typically consumed at nighttime, she would humour the requests of very occasional amateur photographers in return for substantial remuneration. Closer to the specialties she mastered than the deflowering of schoolboys. She performs, but also proposes, often revealing herself as provocative and occasionally clumsy. Images thus conceived were not for circulation. If they were not intended for use in the establishment, they would remain hidden away on the bottom shelf of a bourgeois bookcase, in the secrecy of an exclusive complicity born between the girl and her voyeur.<br \/>\nMost of these photographs exist only in a single copy and finds are infrequent and haphazard. Nevertheless, any researcher or collector tirelessly pursues their grail. In a quest as entrancing as that of King Arthur\u2019s knights -and just as legendary- the belief still endures of finding \u201cThe Album\u201d on some divine day of clemency. The mythical \u201cAlbum\u00bb -the subject of circulating rumours- would probably have been exhibited at the reception before the madam, and perused by waiting customers in good establishments. Elegantly bound, it would unashamedly exhibit indulgent photographs of girls, inaccessible for the time being because momentarily busy upstairs. Could this type of album really exist? It is doubtful, but the dream is an integral part of any search. The set of photographs at the beginning of chapter \u201cAnn\u00e9es trente\u201c, for example, suggest that it could have been a presentation aid, made somewhat chaotic by the different choices of formats and the uneven quality of images. Some informed connoisseurs of the history of photography will notice that despite the relevance of his work, we have chosen not to illustrate this book with the photographs produced by Monsieur X. We refer interested parties instead to two monographs on this major artist in the world of prostitution -Collection priv\u00e9e de Monsieur X1 or Mauvaises filles2- as well as the book Joyeux Enfer3, in which he is accorded the proper recognition. Also for the attention of scholars, we have enhanced our collection with the addition of some advertisements, business cards or tokens, some of which come from a large collection found in poor condition. Notwithstanding the poor condition, it is worthy of great interest upon closer inspection as it consists of letters, advertisements and business cards most of which involve brothels or appointments. Moreover, the documents are commented, which is rather rare. This set was probably established by a Briton living in Paris, intended for his compatriots on holiday in our capital. Obviously, it is quite antiquated nowadays to learn that the house of \u201cMadame Andr\u00e9e Desprez, hotel, 14 Rue Lord-Byron\u201d is a \u201cdangerous house\u201d, or that \u201cMadame Delisy, a pretty pied \u00e0 terre in a mansion at 31 Cit\u00e9 d\u2019Antin\u201d was \u201cinvestigated and recommended\u201d on \u201c4 November, 1909\u201d, but this record allows us to appreciate the diversity of supply, with the need for guides proving as indispensable in this area as in any other. Indeed, guides on prostitution did exist, such as the Guide Murier ou Guide Rose. But these specifically professional publications -meaning that they were neither intended for nor sold to patrons- were already rare during the period and even more so today, which complicates any in-depth research.<br \/>\nSo that leaves these photographs where the fille de joie (good-time girl) responds, by her own arts, to artists -with F\u00e9licien Rops and Henri de Toulouse-Lautrec at the forefront- as well as men of letters -Guy de Maupassant, Emile Zola, Edmond and Jules Goncourt etc.- unveiling therein the truth of her condition.<br \/>\nOr at least one of its aspects, when she gives her self equally in luxury or misery, with excesses as pronounced for one as the other. Rebel incarnate, she demonstrates, more than any study, that she is a human being, even in her marginality, and that every attempt at classification to resolve the questions she raises will be in vain.<br \/>\nAfter all, the problem of prostitution may well lie outside the brothel, but this great debate has no place in a book of images. Its role is merely to show, so that once again everyone may form his or her own view.<\/p>\n<p>1. Collection priv\u00e9e de Monsieur X, Paris, \u00e9ditions Astart\u00e9, 2007.<br \/>\n2. Mauvaises filles, Paris, La Manufacture de livres, 2014.<br \/>\n3. Joyeux Enfer, Paris, La Musardine, 2014.<\/p>\n","protected":false},"excerpt":{"rendered":"<p>Pr\u00e9sent\u00e9 par Alexandre DUPOUY Un des 1000 exemplaires broch\u00e9s, 96 pages (16,5 x 24) &#8211; 240 illustrations en noir et blanc Pour tenter de percer le myst\u00e8re de sa condition, nous pouvons toutefois compter sur elle et son caract\u00e8re singulier. Elle nous laisse comme fil d\u2019Ariane quelques photographies o\u00f9 elle accepte de s\u2019offrir, non pas [&#8230;]\n","protected":false},"featured_media":473,"template":"","meta":[],"product_brand":[],"product_cat":[18],"product_tag":[],"class_list":{"0":"post-475","1":"product","2":"type-product","3":"status-publish","4":"has-post-thumbnail","6":"product_cat-les-archives-de-la-photographie-erotique","8":"first","9":"instock","10":"shipping-taxable","11":"purchasable","12":"product-type-simple"},"_links":{"self":[{"href":"https:\/\/www.editionsastarte.com\/en\/wp-json\/wp\/v2\/product\/475","targetHints":{"allow":["GET"]}}],"collection":[{"href":"https:\/\/www.editionsastarte.com\/en\/wp-json\/wp\/v2\/product"}],"about":[{"href":"https:\/\/www.editionsastarte.com\/en\/wp-json\/wp\/v2\/types\/product"}],"wp:featuredmedia":[{"embeddable":true,"href":"https:\/\/www.editionsastarte.com\/en\/wp-json\/wp\/v2\/media\/473"}],"wp:attachment":[{"href":"https:\/\/www.editionsastarte.com\/en\/wp-json\/wp\/v2\/media?parent=475"}],"wp:term":[{"taxonomy":"product_brand","embeddable":true,"href":"https:\/\/www.editionsastarte.com\/en\/wp-json\/wp\/v2\/product_brand?post=475"},{"taxonomy":"product_cat","embeddable":true,"href":"https:\/\/www.editionsastarte.com\/en\/wp-json\/wp\/v2\/product_cat?post=475"},{"taxonomy":"product_tag","embeddable":true,"href":"https:\/\/www.editionsastarte.com\/en\/wp-json\/wp\/v2\/product_tag?post=475"}],"curies":[{"name":"wp","href":"https:\/\/api.w.org\/{rel}","templated":true}]}}