{"id":477,"date":"2023-01-31T13:36:01","date_gmt":"2023-01-31T12:36:01","guid":{"rendered":"http:\/\/bbbweco.cluster031.hosting.ovh.net\/editionsastarte\/produit\/curiosa-la-bibliotheque-erotique\/"},"modified":"2025-12-08T17:00:52","modified_gmt":"2025-12-08T16:00:52","slug":"curiosa-la-bibliotheque-erotique","status":"publish","type":"product","link":"https:\/\/www.editionsastarte.com\/en\/produit\/curiosa-la-bibliotheque-erotique\/","title":{"rendered":"CURIOSA LA BIBLIOTH\u00c8QUE \u00c9ROTIQUE"},"content":{"rendered":"<p>Alessandro BERTOLOTTI<br \/>\nUn volume reli\u00e9, 254 pages, (29 x 26), publi\u00e9 aux \u00e9ditions de La Martini\u00e8re, plus de 350 reproductions.<br \/>\nAlessandro Bertolotti nous ouvre sa bibiloth\u00e8que de &#8220;curiosa&#8221; &#8211; terme de bibliophilie qui d\u00e9signe des livres sur l&#8217;\u00e9rotisme, la sexualit\u00e9, la pornographie &#8211; pour nous faire d\u00e9couvrir les ouvrages les plus rares et les plus importants de son immense collection.<\/p>\n<p>Organis\u00e9 de fa\u00e7on th\u00e9matique, Curiosa, la biblioth\u00e8que \u00e9rotique aborde sans tabou l&#8217;amour sacr\u00e9 et l&#8217;amour profane, la r\u00e9volution sexuelle ou le sadomasochisme \u00e0 travers plus de 130 livres illustr\u00e9s qui ont fait l&#8217;histoire de la litt\u00e9rature \u00e9rotique du XVIe si\u00e8cle \u00e0 nos jours.<\/p>\n<p>De l&#8217;Ar\u00e9tin \u00e0 Sade, de John Cleland \u00e0 Jean Genet, de Daido Moriyama \u00e0 Guido Crepax, de Leonor Fini \u00e0 Eric Stanton, Bertolotti met les artistes et les livres en relation avec la r\u00e9alit\u00e9 sociale et politique de leur \u00e9poque.<\/p>\n<p>Illustr\u00e9 de plus de 350 reproductions, cet ouvrage invite le lecteur \u00e0 oublier la division banale et conformiste entre \u00e9rotisme et pornographie et \u00e0 d\u00e9couvrir cet univers avec autant de passion que de curiosit\u00e9.<\/p>\n<p> &#8212; <\/p>\n<p>CURIOSA LA BIBLIOTH\u00c8QUE \u00c9ROTIQUE<br \/>\nAlessandro BERTOLOTTI<\/p>\n<p>Un volume reli\u00e9, 254 pages, (29 x 26), publi\u00e9 aux \u00e9ditions de La Martini\u00e8re, plus de 350 reproductions.<br \/>\nAlessandro Bertolotti nous ouvre sa bibiloth\u00e8que de &#8220;curiosa&#8221; &#8211; terme de bibliophilie qui d\u00e9signe des livres sur l&#8217;\u00e9rotisme, la sexualit\u00e9, la pornographie &#8211; pour nous faire d\u00e9couvrir les ouvrages les plus rares et les plus importants de son immense collection.<\/p>\n<p>Organis\u00e9 de fa\u00e7on th\u00e9matique, Curiosa, la biblioth\u00e8que \u00e9rotique aborde sans tabou l&#8217;amour sacr\u00e9 et l&#8217;amour profane, la r\u00e9volution sexuelle ou le sadomasochisme \u00e0 travers plus de 130 livres illustr\u00e9s qui ont fait l&#8217;histoire de la litt\u00e9rature \u00e9rotique du XVIe si\u00e8cle \u00e0 nos jours.<\/p>\n<p>De l&#8217;Ar\u00e9tin \u00e0 Sade, de John Cleland \u00e0 Jean Genet, de Daido Moriyama \u00e0 Guido Crepax, de Leonor Fini \u00e0 Eric Stanton, Bertolotti met les artistes et les livres en relation avec la r\u00e9alit\u00e9 sociale et politique de leur \u00e9poque.<\/p>\n<p>Illustr\u00e9 de plus de 350 reproductions, cet ouvrage invite le lecteur \u00e0 oublier la division banale et conformiste entre \u00e9rotisme et pornographie et \u00e0 d\u00e9couvrir cet univers avec autant de passion que de curiosit\u00e9.<\/p>\n","protected":false},"excerpt":{"rendered":"<p>Alessandro BERTOLOTTI Un volume reli\u00e9, 254 pages, (29 x 26), publi\u00e9 aux \u00e9ditions de La Martini\u00e8re, plus de 350 reproductions. Alessandro Bertolotti nous ouvre sa bibiloth\u00e8que de &#8220;curiosa&#8221; &#8211; terme de bibliophilie qui d\u00e9signe des livres sur l&#8217;\u00e9rotisme, la sexualit\u00e9, la pornographie &#8211; pour nous faire d\u00e9couvrir les ouvrages les plus rares et les plus [&#8230;]\n","protected":false},"featured_media":476,"template":"","meta":[],"product_brand":[],"product_cat":[26],"product_tag":[],"class_list":{"0":"post-477","1":"product","2":"type-product","3":"status-publish","4":"has-post-thumbnail","6":"product_cat-les-beaux-livres","8":"first","9":"instock","10":"shipping-taxable","11":"purchasable","12":"product-type-simple"},"_links":{"self":[{"href":"https:\/\/www.editionsastarte.com\/en\/wp-json\/wp\/v2\/product\/477","targetHints":{"allow":["GET"]}}],"collection":[{"href":"https:\/\/www.editionsastarte.com\/en\/wp-json\/wp\/v2\/product"}],"about":[{"href":"https:\/\/www.editionsastarte.com\/en\/wp-json\/wp\/v2\/types\/product"}],"wp:featuredmedia":[{"embeddable":true,"href":"https:\/\/www.editionsastarte.com\/en\/wp-json\/wp\/v2\/media\/476"}],"wp:attachment":[{"href":"https:\/\/www.editionsastarte.com\/en\/wp-json\/wp\/v2\/media?parent=477"}],"wp:term":[{"taxonomy":"product_brand","embeddable":true,"href":"https:\/\/www.editionsastarte.com\/en\/wp-json\/wp\/v2\/product_brand?post=477"},{"taxonomy":"product_cat","embeddable":true,"href":"https:\/\/www.editionsastarte.com\/en\/wp-json\/wp\/v2\/product_cat?post=477"},{"taxonomy":"product_tag","embeddable":true,"href":"https:\/\/www.editionsastarte.com\/en\/wp-json\/wp\/v2\/product_tag?post=477"}],"curies":[{"name":"wp","href":"https:\/\/api.w.org\/{rel}","templated":true}]}}