{"id":479,"date":"2023-01-31T13:36:01","date_gmt":"2023-01-31T12:36:01","guid":{"rendered":"http:\/\/bbbweco.cluster031.hosting.ovh.net\/editionsastarte\/produit\/casque-dor-une-histoire-vraie\/"},"modified":"2025-01-25T19:40:18","modified_gmt":"2025-01-25T18:40:18","slug":"casque-dor-une-histoire-vraie","status":"publish","type":"product","link":"https:\/\/www.editionsastarte.com\/en\/produit\/casque-dor-une-histoire-vraie\/","title":{"rendered":"CASQUE D&#8217;OR, UNE HISTOIRE VRAIE"},"content":{"rendered":"<p>Alexandre DUPOUY<br \/>\nUn des 2 500 ex. reli\u00e9s, avec jaquette, 352 pages (19 x 27), plus de 700 illustrations en couleur, en co\u00e9ditIon avec La Manufacture de livres<br \/>\nL&#8217;action est connue. Elle a inspir\u00e9 un classique du cin\u00e9ma dont les Fran\u00e7ais se souviennent. Le 9 janvier 1902, un fiacre est attaqu\u00e9 en plein Paris. On a d&#8217;abord fantasm\u00e9 sur un crime de r\u00f4deurs, sur la violence des Apaches, ces voyous des barri\u00e8res. Puis on apprend qu&#8217;il s&#8217;agit d&#8217;un combat \u00e0 mort pour la possession d&#8217;une jeune prostitu\u00e9e : Am\u00e9lie \u00c9lie. Son surnom ? \u00ab Casquette \u00bb, Pas tr\u00e8s vendeur. On l&#8217;appellera donc \u00ab Casque d&#8217;Or \u00bb : la l\u00e9gende est n\u00e9e. La presse s&#8217;empare de l&#8217;affaire. Tous les protagonistes sont arr\u00eat\u00e9s. La justice rend un verdict \u00e0 la mesure du succ\u00e8s m\u00e9diatique. Les deux pr\u00e9tendants sont condamn\u00e9s au bagne d&#8217;o\u00f9 ils ne reviendront pas. De son arrestation \u00e0 sa d\u00e9tention \u00e0 Fresnes, Fran\u00e7ois Leca, le souteneur victime de l&#8217;attaque du fiacre re\u00e7oit pr\u00e8s d&#8217;une centaine de lettres. Apr\u00e8s la d\u00e9couverte de cette correspondance inconnue, Alexandre Dupouy se passionne pour l&#8217;affaire qui a tant fait couler d&#8217;encre et d\u00e9cide d&#8217;en retracer la v\u00e9ritable histoire. Il en r\u00e9sulte une enqu\u00eate passionnante, minutieusement document\u00e9e, illustr\u00e9e d&#8217;une importante iconographie (700 images), m\u00ealant photographies, croquis, coupures de presse et dessins, qui r\u00e9v\u00e8le la r\u00e9alit\u00e9 d&#8217;un Paris victime d&#8217;hausmannisation, offrant par l\u00e0 m\u00eame une radiographie de la soci\u00e9t\u00e9 de l&#8217;\u00e9poque : le rejet des classes laborieuses en p\u00e9riph\u00e9rie, les gangs des Apaches, le pouvoir de la presse et l\u2019omnipr\u00e9sence de la prostitution.<\/p>\n<p> &#8212; <\/p>\n<p>CASQUE D&#8217;OR, UNE HISTOIRE VRAIE<br \/>\nAlexandre DUPOUY<\/p>\n<p>Un des 2 500 ex. reli\u00e9s, avec jaquette, 352 pages (19 x 27), plus de 700 illustrations en couleur, en co\u00e9ditIon avec La Manufacture de livres<br \/>\nL&#8217;action est connue. Elle a inspir\u00e9 un classique du cin\u00e9ma dont les Fran\u00e7ais se souviennent. Le 9 janvier 1902, un fiacre est attaqu\u00e9 en plein Paris. On a d&#8217;abord fantasm\u00e9 sur un crime de r\u00f4deurs, sur la violence des Apaches, ces voyous des barri\u00e8res. Puis on apprend qu&#8217;il s&#8217;agit d&#8217;un combat \u00e0 mort pour la possession d&#8217;une jeune prostitu\u00e9e : Am\u00e9lie \u00c9lie. Son surnom ? \u00ab Casquette \u00bb, Pas tr\u00e8s vendeur. On l&#8217;appellera donc \u00ab Casque d&#8217;Or \u00bb : la l\u00e9gende est n\u00e9e. La presse s&#8217;empare de l&#8217;affaire. Tous les protagonistes sont arr\u00eat\u00e9s. La justice rend un verdict \u00e0 la mesure du succ\u00e8s m\u00e9diatique. Les deux pr\u00e9tendants sont condamn\u00e9s au bagne d&#8217;o\u00f9 ils ne reviendront pas. De son arrestation \u00e0 sa d\u00e9tention \u00e0 Fresnes, Fran\u00e7ois Leca, le souteneur victime de l&#8217;attaque du fiacre re\u00e7oit pr\u00e8s d&#8217;une centaine de lettres. Apr\u00e8s la d\u00e9couverte de cette correspondance inconnue, Alexandre Dupouy se passionne pour l&#8217;affaire qui a tant fait couler d&#8217;encre et d\u00e9cide d&#8217;en retracer la v\u00e9ritable histoire. Il en r\u00e9sulte une enqu\u00eate passionnante, minutieusement document\u00e9e, illustr\u00e9e d&#8217;une importante iconographie (700 images), m\u00ealant photographies, croquis, coupures de presse et dessins, qui r\u00e9v\u00e8le la r\u00e9alit\u00e9 d&#8217;un Paris victime d&#8217;hausmannisation, offrant par l\u00e0 m\u00eame une radiographie de la soci\u00e9t\u00e9 de l&#8217;\u00e9poque : le rejet des classes laborieuses en p\u00e9riph\u00e9rie, les gangs des Apaches, le pouvoir de la presse et l\u2019omnipr\u00e9sence de la prostitution.<\/p>\n","protected":false},"excerpt":{"rendered":"<p>Alexandre DUPOUY Un des 2 500 ex. reli\u00e9s, avec jaquette, 352 pages (19 x 27), plus de 700 illustrations en couleur, en co\u00e9ditIon avec La Manufacture de livres L&#8217;action est connue. Elle a inspir\u00e9 un classique du cin\u00e9ma dont les Fran\u00e7ais se souviennent. Le 9 janvier 1902, un fiacre est attaqu\u00e9 en plein Paris. On [&#8230;]\n","protected":false},"featured_media":478,"template":"","meta":[],"product_brand":[],"product_cat":[26],"product_tag":[],"class_list":{"0":"post-479","1":"product","2":"type-product","3":"status-publish","4":"has-post-thumbnail","6":"product_cat-les-beaux-livres","8":"first","9":"instock","10":"shipping-taxable","11":"purchasable","12":"product-type-simple"},"_links":{"self":[{"href":"https:\/\/www.editionsastarte.com\/en\/wp-json\/wp\/v2\/product\/479","targetHints":{"allow":["GET"]}}],"collection":[{"href":"https:\/\/www.editionsastarte.com\/en\/wp-json\/wp\/v2\/product"}],"about":[{"href":"https:\/\/www.editionsastarte.com\/en\/wp-json\/wp\/v2\/types\/product"}],"wp:featuredmedia":[{"embeddable":true,"href":"https:\/\/www.editionsastarte.com\/en\/wp-json\/wp\/v2\/media\/478"}],"wp:attachment":[{"href":"https:\/\/www.editionsastarte.com\/en\/wp-json\/wp\/v2\/media?parent=479"}],"wp:term":[{"taxonomy":"product_brand","embeddable":true,"href":"https:\/\/www.editionsastarte.com\/en\/wp-json\/wp\/v2\/product_brand?post=479"},{"taxonomy":"product_cat","embeddable":true,"href":"https:\/\/www.editionsastarte.com\/en\/wp-json\/wp\/v2\/product_cat?post=479"},{"taxonomy":"product_tag","embeddable":true,"href":"https:\/\/www.editionsastarte.com\/en\/wp-json\/wp\/v2\/product_tag?post=479"}],"curies":[{"name":"wp","href":"https:\/\/api.w.org\/{rel}","templated":true}]}}