{"id":57,"date":"2023-01-31T13:34:47","date_gmt":"2023-01-31T12:34:47","guid":{"rendered":"http:\/\/bbbweco.cluster031.hosting.ovh.net\/editionsastarte\/produit\/pascin-erotique\/"},"modified":"2024-01-24T09:45:45","modified_gmt":"2024-01-24T08:45:45","slug":"pascin-erotique","status":"publish","type":"product","link":"https:\/\/www.editionsastarte.com\/en\/produit\/pascin-erotique\/","title":{"rendered":"PASCIN \u00c9ROTIQUE"},"content":{"rendered":"<p>Alexandre DUPOUY<br \/>\nUn des 1000 ex., 104 pages (15 x 21) &#8211; Une centaine d\u2019illustrations reproduites en couleur<br \/>\nQuelques r\u00e9actionnaires frustr\u00e9s, de ceux qui ont br\u00fbl\u00e9 les \u0153uvres libertines de Degas ou Gauguin, ne verront en Pascin qu\u2019un \u00e9rotomane, un obs\u00e9d\u00e9, un pornographe. Que dire alors de ces artistes dont la liste in extenso serait interminable, des Autrichiens Klimt et Schiele, des Hollandais Rembrandt et Rubens, des Espagnols Goya et Picasso, de l\u2019Anglais Rowlandson, de Boucher, de Courbet, de Rodin ou de Toulouse-Lautrec ?<br \/>\nComme pour eux tous, la sexualit\u00e9 fait partie int\u00e9grante de l\u2019\u0153uvre de Pascin bien qu\u2019elle n\u2019en repr\u00e9sente qu\u2019une tr\u00e8s faible part. Comme Picasso, il emprisonne, d\u2019abord pour lui-m\u00eame, ses fantasmes sur le papier, recouvrant sa feuille de personnages vivant le radieux chaos d\u2019un \u00e9rotisme \u00e9tincelant. A Pablo, le Minotaure, \u00e0 Pascin, Salom\u00e9, le Pensionnat V\u00e9nus et les Amazones. Sabbat perp\u00e9tuel \u00e0 l\u2019activit\u00e9 f\u00e9brile, hant\u00e9 de personnalit\u00e9s mythologiques, grecques ou bibliques, au secours du sexe, r\u00e9volt\u00e9es contre l\u2019oppression de la nature humaine par les hypocrites puritains toutes g\u00e9n\u00e9rations confondues.<\/p>\n<p> &#8212; <\/p>\n<p>PASCIN \u00c9ROTIQUE<br \/>\nAlexandre DUPOUY<\/p>\n<p>One of the 1,000 paper-bound copies, 104 pages, 15 by 21 cm. About a hundred color-printed pictures<br \/>\nSome frustrated reactionaries, those who burned libertine works by Degas or Gauguin, saw Pascin as an erotomaniac, a sex maniac, a pornographer. So what about those artists -drawing a full name list would be interminable- such as Austrians Klimt and Schiele, Dutch Rembrandt and Rubens, Spanish Goya and Picasso, British Rowlandson or French Boucher and Toulouse-Lautrec?<br \/>\nAs for all of them, sexuality is part and parcel of Pascin&#8217;s work although it is a small part of it. Like Picasso did, he imprisoned his fantasies on the paper, at first for himself, by covering his sheet with characters who lived the radiant chaos of a blazing eroticism. For Pablo, the Minotaur, for Pascin, Salome, Le Pensionnat de Venus, Amazones. A perpetual Sabbath in feverish activity, haunted by mythological, Greek or biblical figures, rescuing sex, outraged about the oppression of human nature by puritan hypocrites of all generations.<\/p>\n","protected":false},"excerpt":{"rendered":"<p>Alexandre DUPOUY Un des 1000 ex., 104 pages (15 x 21) &#8211; Une centaine d\u2019illustrations reproduites en couleur Quelques r\u00e9actionnaires frustr\u00e9s, de ceux qui ont br\u00fbl\u00e9 les \u0153uvres libertines de Degas ou Gauguin, ne verront en Pascin qu\u2019un \u00e9rotomane, un obs\u00e9d\u00e9, un pornographe. Que dire alors de ces artistes dont la liste in extenso serait [&#8230;]\n","protected":false},"featured_media":51,"template":"","meta":[],"product_brand":[],"product_cat":[20],"product_tag":[],"class_list":{"0":"post-57","1":"product","2":"type-product","3":"status-publish","4":"has-post-thumbnail","6":"product_cat-lart-dans-lerotisme","8":"first","9":"instock","10":"shipping-taxable","11":"purchasable","12":"product-type-simple"},"_links":{"self":[{"href":"https:\/\/www.editionsastarte.com\/en\/wp-json\/wp\/v2\/product\/57","targetHints":{"allow":["GET"]}}],"collection":[{"href":"https:\/\/www.editionsastarte.com\/en\/wp-json\/wp\/v2\/product"}],"about":[{"href":"https:\/\/www.editionsastarte.com\/en\/wp-json\/wp\/v2\/types\/product"}],"wp:featuredmedia":[{"embeddable":true,"href":"https:\/\/www.editionsastarte.com\/en\/wp-json\/wp\/v2\/media\/51"}],"wp:attachment":[{"href":"https:\/\/www.editionsastarte.com\/en\/wp-json\/wp\/v2\/media?parent=57"}],"wp:term":[{"taxonomy":"product_brand","embeddable":true,"href":"https:\/\/www.editionsastarte.com\/en\/wp-json\/wp\/v2\/product_brand?post=57"},{"taxonomy":"product_cat","embeddable":true,"href":"https:\/\/www.editionsastarte.com\/en\/wp-json\/wp\/v2\/product_cat?post=57"},{"taxonomy":"product_tag","embeddable":true,"href":"https:\/\/www.editionsastarte.com\/en\/wp-json\/wp\/v2\/product_tag?post=57"}],"curies":[{"name":"wp","href":"https:\/\/api.w.org\/{rel}","templated":true}]}}