{"id":61,"date":"2023-01-31T13:34:48","date_gmt":"2023-01-31T12:34:48","guid":{"rendered":"http:\/\/bbbweco.cluster031.hosting.ovh.net\/editionsastarte\/produit\/gay-et-douceediteurs-sous-le-manteau\/"},"modified":"2026-01-05T21:05:19","modified_gmt":"2026-01-05T20:05:19","slug":"gay-et-douceediteurs-sous-le-manteau","status":"publish","type":"product","link":"https:\/\/www.editionsastarte.com\/en\/produit\/gay-et-douceediteurs-sous-le-manteau\/","title":{"rendered":"GAY et DOUC\u00c9<br>\u00c9diteurs sous le manteau"},"content":{"rendered":"<p>Jacques DUPRILOT<br \/>\nUn des 400 exemplaires num\u00e9rot\u00e9s, illustr\u00e9 de hors-texte et de in-texte en noir, 208 pages (15 x 21)<br \/>\nLe premier souci d\u2019un clandestin est de ne pas se faire prendre. Il passe donc son existence \u00e0 \u00e9laborer un environnement qui le cache et le prot\u00e8ge. En v\u00e9ritable d\u00e9tective de la bibliophilie, apr\u00e8s l\u2019\u00e9tude de documents \u00e0 l\u2019existence insoup\u00e7onn\u00e9e, extraits de la poussi\u00e8re s\u00e9culaire d\u2019obscures biblioth\u00e8ques (catalogues et correspondances, en particulier celle de leur complice F\u00e9licien Rops), Jacques Duprilot nous d\u00e9voile l\u2019histoire, jusqu\u2019alors soigneusement occult\u00e9e, de deux inconnus, \u00e9diteurs sous le manteau : Jean Gay et Henriette Douc\u00e9, couple \u00e9trange qui, \u00e0 la fin du xixe si\u00e8cle, savait m\u00ealer l\u2019\u00e9rudition et l\u2019affairisme au service de leur go\u00fbt pour la mystification et l\u2019\u00e9rotisme.<\/p>\n<p> &#8212; <\/p>\n<p>GAY et DOUC\u00c9<br \/>\u00c9diteurs sous le manteau<br \/>\nJacques DUPRILOT<\/p>\n<p>One of the 400 numbered editions, black and white in-text and plate illustrations 15 by 21 cm, 208 pages.<br \/>\nThe major concern of undercover authors is to avoid being caught. Thus, they spend their life creating an environment where they can hide and be protected. As a genuine book-lover detective, through the study of unsuspected documents, extracted from the age-old dust of arcane libraries (catalogues and letters, in particular those of their accomplice F\u00e9licien Rops), Jacques Duprilot unveils the story, hitherto carefully hidden, of two unknowns, undercover publishers: Jean Gay and Henriette Douc\u00e9, strange couple who, at the end of the 19th century, skilfully mixed erudition and racketeering to serve their taste for mystification and eroticism.<\/p>\n","protected":false},"excerpt":{"rendered":"<p>Jacques DUPRILOT Un des 400 exemplaires num\u00e9rot\u00e9s, illustr\u00e9 de hors-texte et de in-texte en noir, 208 pages (15 x 21) Le premier souci d\u2019un clandestin est de ne pas se faire prendre. Il passe donc son existence \u00e0 \u00e9laborer un environnement qui le cache et le prot\u00e8ge. En v\u00e9ritable d\u00e9tective de la bibliophilie, apr\u00e8s l\u2019\u00e9tude [&#8230;]\n","protected":false},"featured_media":58,"template":"","meta":[],"product_brand":[],"product_cat":[20],"product_tag":[],"class_list":{"0":"post-61","1":"product","2":"type-product","3":"status-publish","4":"has-post-thumbnail","6":"product_cat-lart-dans-lerotisme","8":"first","9":"instock","10":"shipping-taxable","11":"purchasable","12":"product-type-simple"},"_links":{"self":[{"href":"https:\/\/www.editionsastarte.com\/en\/wp-json\/wp\/v2\/product\/61","targetHints":{"allow":["GET"]}}],"collection":[{"href":"https:\/\/www.editionsastarte.com\/en\/wp-json\/wp\/v2\/product"}],"about":[{"href":"https:\/\/www.editionsastarte.com\/en\/wp-json\/wp\/v2\/types\/product"}],"wp:featuredmedia":[{"embeddable":true,"href":"https:\/\/www.editionsastarte.com\/en\/wp-json\/wp\/v2\/media\/58"}],"wp:attachment":[{"href":"https:\/\/www.editionsastarte.com\/en\/wp-json\/wp\/v2\/media?parent=61"}],"wp:term":[{"taxonomy":"product_brand","embeddable":true,"href":"https:\/\/www.editionsastarte.com\/en\/wp-json\/wp\/v2\/product_brand?post=61"},{"taxonomy":"product_cat","embeddable":true,"href":"https:\/\/www.editionsastarte.com\/en\/wp-json\/wp\/v2\/product_cat?post=61"},{"taxonomy":"product_tag","embeddable":true,"href":"https:\/\/www.editionsastarte.com\/en\/wp-json\/wp\/v2\/product_tag?post=61"}],"curies":[{"name":"wp","href":"https:\/\/api.w.org\/{rel}","templated":true}]}}