{"id":70,"date":"2023-01-31T13:34:49","date_gmt":"2023-01-31T12:34:49","guid":{"rendered":"http:\/\/bbbweco.cluster031.hosting.ovh.net\/editionsastarte\/produit\/chair-rouge\/"},"modified":"2023-05-07T18:40:13","modified_gmt":"2023-05-07T16:40:13","slug":"chair-rouge","status":"publish","type":"product","link":"https:\/\/www.editionsastarte.com\/en\/produit\/chair-rouge\/","title":{"rendered":"CHAIR ROUGE"},"content":{"rendered":"<p>Jean-Pierre CEYTAIRE<br \/>\nUn des 949 exemplaires num\u00e9rot\u00e9s, 48 pages (15 x 21) en couleur<br \/>\nCon\u00e7u \u00e0 la mani\u00e8re des livres d&#8217;art anciens orn\u00e9s de vignettes couleur coll\u00e9es, cet ouvrage nous entra\u00eene dans le monde chaotique et \u00e9rotique des personnages de Jean-Pierre Ceytaire.<\/p>\n<p> &#8212; <\/p>\n<p>CHAIR ROUGE<br \/>\nJean-Pierre CEYTAIRE<\/p>\n<p>One of the 949 numbered editions, color prints, 15 by 21 cm, 48 pages<br \/>\nDesigned in the style of ancient art books adorned with color stickers, this book takes us into the chaotic and erotic world of Jean-Pierre Ceytaire&#8217;s characters.<\/p>\n","protected":false},"excerpt":{"rendered":"<p>Jean-Pierre CEYTAIRE Un des 949 exemplaires num\u00e9rot\u00e9s, 48 pages (15 x 21) en couleur Con\u00e7u \u00e0 la mani\u00e8re des livres d&#8217;art anciens orn\u00e9s de vignettes couleur coll\u00e9es, cet ouvrage nous entra\u00eene dans le monde chaotique et \u00e9rotique des personnages de Jean-Pierre Ceytaire. &#8212; CHAIR ROUGE Jean-Pierre CEYTAIRE One of the 949 numbered editions, color prints, [&#8230;]\n","protected":false},"featured_media":67,"template":"","meta":[],"product_brand":[],"product_cat":[20],"product_tag":[],"class_list":{"0":"post-70","1":"product","2":"type-product","3":"status-publish","4":"has-post-thumbnail","6":"product_cat-lart-dans-lerotisme","8":"first","9":"instock","10":"shipping-taxable","11":"purchasable","12":"product-type-simple"},"_links":{"self":[{"href":"https:\/\/www.editionsastarte.com\/en\/wp-json\/wp\/v2\/product\/70","targetHints":{"allow":["GET"]}}],"collection":[{"href":"https:\/\/www.editionsastarte.com\/en\/wp-json\/wp\/v2\/product"}],"about":[{"href":"https:\/\/www.editionsastarte.com\/en\/wp-json\/wp\/v2\/types\/product"}],"wp:featuredmedia":[{"embeddable":true,"href":"https:\/\/www.editionsastarte.com\/en\/wp-json\/wp\/v2\/media\/67"}],"wp:attachment":[{"href":"https:\/\/www.editionsastarte.com\/en\/wp-json\/wp\/v2\/media?parent=70"}],"wp:term":[{"taxonomy":"product_brand","embeddable":true,"href":"https:\/\/www.editionsastarte.com\/en\/wp-json\/wp\/v2\/product_brand?post=70"},{"taxonomy":"product_cat","embeddable":true,"href":"https:\/\/www.editionsastarte.com\/en\/wp-json\/wp\/v2\/product_cat?post=70"},{"taxonomy":"product_tag","embeddable":true,"href":"https:\/\/www.editionsastarte.com\/en\/wp-json\/wp\/v2\/product_tag?post=70"}],"curies":[{"name":"wp","href":"https:\/\/api.w.org\/{rel}","templated":true}]}}