{"id":71,"date":"2023-01-31T13:34:49","date_gmt":"2023-01-31T12:34:49","guid":{"rendered":"http:\/\/bbbweco.cluster031.hosting.ovh.net\/editionsastarte\/produit\/chair-rougetirage-de-tete\/"},"modified":"2024-05-06T17:08:42","modified_gmt":"2024-05-06T15:08:42","slug":"chair-rougetirage-de-tete","status":"publish","type":"product","link":"https:\/\/www.editionsastarte.com\/en\/produit\/chair-rougetirage-de-tete\/","title":{"rendered":"CHAIR ROUGE<br>TIRAGE DE T\u00caTE"},"content":{"rendered":"<p>Jean-Pierre CEYTAIRE<br \/>\nUn des 50 ex. en tirage de t\u00eate, num\u00e9rot\u00e9, sign\u00e9, avec une lithographie originale de l&#8217;auteur<br \/>\nCon\u00e7u \u00e0 la mani\u00e8re des livres d&#8217;art anciens orn\u00e9s de vignettes couleur coll\u00e9es, cet ouvrage nous entra\u00eene dans le monde chaotique et \u00e9rotique des personnages de Jean-Pierre Ceytaire.<\/p>\n<p> &#8212; <\/p>\n<p>CHAIR ROUGE<br \/>LIMITED DELUXE<br \/>\nJean-Pierre CEYTAIRE<\/p>\n<p>One of the 50 limited Deluxe numbered editions, signed, with an original  14 by 20 cm lithography by the author<br \/>\nDesigned in the style of ancient art books adorned with color stickers, this book takes us into the chaotic and erotic world of Jean-Pierre Ceytaire&#8217;s characters.<\/p>\n","protected":false},"excerpt":{"rendered":"<p>Jean-Pierre CEYTAIRE Un des 50 ex. en tirage de t\u00eate, num\u00e9rot\u00e9, sign\u00e9, avec une lithographie originale de l&#8217;auteur Con\u00e7u \u00e0 la mani\u00e8re des livres d&#8217;art anciens orn\u00e9s de vignettes couleur coll\u00e9es, cet ouvrage nous entra\u00eene dans le monde chaotique et \u00e9rotique des personnages de Jean-Pierre Ceytaire. &#8212; CHAIR ROUGELIMITED DELUXE Jean-Pierre CEYTAIRE One of the [&#8230;]\n","protected":false},"featured_media":67,"template":"","meta":[],"product_brand":[],"product_cat":[19],"product_tag":[],"class_list":{"0":"post-71","1":"product","2":"type-product","3":"status-publish","4":"has-post-thumbnail","6":"product_cat-les-tirages-de-tete","8":"first","9":"outofstock","10":"shipping-taxable","11":"purchasable","12":"product-type-simple"},"_links":{"self":[{"href":"https:\/\/www.editionsastarte.com\/en\/wp-json\/wp\/v2\/product\/71","targetHints":{"allow":["GET"]}}],"collection":[{"href":"https:\/\/www.editionsastarte.com\/en\/wp-json\/wp\/v2\/product"}],"about":[{"href":"https:\/\/www.editionsastarte.com\/en\/wp-json\/wp\/v2\/types\/product"}],"wp:featuredmedia":[{"embeddable":true,"href":"https:\/\/www.editionsastarte.com\/en\/wp-json\/wp\/v2\/media\/67"}],"wp:attachment":[{"href":"https:\/\/www.editionsastarte.com\/en\/wp-json\/wp\/v2\/media?parent=71"}],"wp:term":[{"taxonomy":"product_brand","embeddable":true,"href":"https:\/\/www.editionsastarte.com\/en\/wp-json\/wp\/v2\/product_brand?post=71"},{"taxonomy":"product_cat","embeddable":true,"href":"https:\/\/www.editionsastarte.com\/en\/wp-json\/wp\/v2\/product_cat?post=71"},{"taxonomy":"product_tag","embeddable":true,"href":"https:\/\/www.editionsastarte.com\/en\/wp-json\/wp\/v2\/product_tag?post=71"}],"curies":[{"name":"wp","href":"https:\/\/api.w.org\/{rel}","templated":true}]}}