{"id":78,"date":"2023-01-31T13:34:50","date_gmt":"2023-01-31T12:34:50","guid":{"rendered":"http:\/\/bbbweco.cluster031.hosting.ovh.net\/editionsastarte\/produit\/poesies-erotiques\/"},"modified":"2025-02-13T08:58:41","modified_gmt":"2025-02-13T07:58:41","slug":"poesies-erotiques","status":"publish","type":"product","link":"https:\/\/www.editionsastarte.com\/en\/produit\/poesies-erotiques\/","title":{"rendered":"PO\u00c9SIES \u00c9ROTIQUES"},"content":{"rendered":"<p>Paul VERLAINE &#8211; Hippolyte ROMAIN<br \/>\nUn des 949 ex. de 64 pages (15 x 21) &#8211; Dessins in-texte en noir et vignettes hors-texte coll\u00e9es, imprim\u00e9es en couleur<br \/>\nPour le centenaire du grand po\u00e8te, Hippolyte Romain a illustr\u00e9 un choix de ses po\u00e9sies, particuli\u00e8rement \u00e9pic\u00e9es, parues sous le manteau \u00e0 la fin du XIXe si\u00e8cle et souvent m\u00e9connues de nos jours. Pr\u00e9sent\u00e9 par Bernard Pivot \u00e0 Bouillon de Culture du 13 d\u00e9cembre 1996<\/p>\n<p> &#8212; <\/p>\n<p>PO\u00c9SIES \u00c9ROTIQUES [EROTICS POEMS]\nPaul VERLAINE &#8211; Hippolyte ROMAIN<\/p>\n<p>One of the 949 numbered ed., 64 pages, (15 by 21 cm), paperback, 30 illustrations by Hippolyte Romain, pasted-on vignettes, full colour.<br \/>\nFor the centenary of the great poet, Hippolyte Romain illustrated a selection of his poems, particularly spicy, which circulated undercover at the end of the nineteenth century and largely ignored today. Presented by Bernard Pivot in the famous Bouillon de Culture TV programme of December 13, 1996.<\/p>\n","protected":false},"excerpt":{"rendered":"<p>Paul VERLAINE &#8211; Hippolyte ROMAIN Un des 949 ex. de 64 pages (15 x 21) &#8211; Dessins in-texte en noir et vignettes hors-texte coll\u00e9es, imprim\u00e9es en couleur Pour le centenaire du grand po\u00e8te, Hippolyte Romain a illustr\u00e9 un choix de ses po\u00e9sies, particuli\u00e8rement \u00e9pic\u00e9es, parues sous le manteau \u00e0 la fin du XIXe si\u00e8cle et [&#8230;]\n","protected":false},"featured_media":72,"template":"","meta":[],"product_brand":[],"product_cat":[20],"product_tag":[],"class_list":{"0":"post-78","1":"product","2":"type-product","3":"status-publish","4":"has-post-thumbnail","6":"product_cat-lart-dans-lerotisme","8":"first","9":"instock","10":"shipping-taxable","11":"purchasable","12":"product-type-simple"},"_links":{"self":[{"href":"https:\/\/www.editionsastarte.com\/en\/wp-json\/wp\/v2\/product\/78","targetHints":{"allow":["GET"]}}],"collection":[{"href":"https:\/\/www.editionsastarte.com\/en\/wp-json\/wp\/v2\/product"}],"about":[{"href":"https:\/\/www.editionsastarte.com\/en\/wp-json\/wp\/v2\/types\/product"}],"wp:featuredmedia":[{"embeddable":true,"href":"https:\/\/www.editionsastarte.com\/en\/wp-json\/wp\/v2\/media\/72"}],"wp:attachment":[{"href":"https:\/\/www.editionsastarte.com\/en\/wp-json\/wp\/v2\/media?parent=78"}],"wp:term":[{"taxonomy":"product_brand","embeddable":true,"href":"https:\/\/www.editionsastarte.com\/en\/wp-json\/wp\/v2\/product_brand?post=78"},{"taxonomy":"product_cat","embeddable":true,"href":"https:\/\/www.editionsastarte.com\/en\/wp-json\/wp\/v2\/product_cat?post=78"},{"taxonomy":"product_tag","embeddable":true,"href":"https:\/\/www.editionsastarte.com\/en\/wp-json\/wp\/v2\/product_tag?post=78"}],"curies":[{"name":"wp","href":"https:\/\/api.w.org\/{rel}","templated":true}]}}