{"id":86,"date":"2023-01-31T13:34:51","date_gmt":"2023-01-31T12:34:51","guid":{"rendered":"http:\/\/bbbweco.cluster031.hosting.ovh.net\/editionsastarte\/produit\/vu-par-mon-chien\/"},"modified":"2025-01-25T19:47:46","modified_gmt":"2025-01-25T18:47:46","slug":"vu-par-mon-chien","status":"publish","type":"product","link":"https:\/\/www.editionsastarte.com\/en\/produit\/vu-par-mon-chien\/","title":{"rendered":"VU PAR MON CHIEN"},"content":{"rendered":"<p>L&#8217;Anthologie \u00c9rotique du Cin\u00e9ma Clandestin 7<br \/>\n80 minutes de film plus en bonus : 140 images extraites de nos archives et un entretien entre Christophe BIER, Jean-Pierre BOUYXOU et Alexandre DUPOUY autour de V. P. M. C.<br \/>\nCe film est un document exceptionnel et unique. Pendant les trois d\u00e9cennies des Trente Glorieuses, un amateur, parisien, oisif et fortun\u00e9, s\u2019obstine, d\u00e8s que l\u2019opportunit\u00e9 se pr\u00e9sente, \u00e0 filmer les dessous de femmes qu\u2019il croise dans la rue. Insatisfait de ses d\u00e9buts pourtant prometteurs, il con\u00e7oit au milieu des ann\u00e9es soixante une machine infernale, probablement un \u00e9tui \u00e0 saxophone qu\u2019il tient nonchalamment \u00e0 bout de bras. En toute discr\u00e9tion et impunit\u00e9, l\u2019\u00e9tui est truff\u00e9 d\u2019une cam\u00e9ra qui transmet une vision impudique saisie \u00e0 quelques centim\u00e8tres du sol. Il baptise donc ses films inavouables :      Vu par mon chien.<br \/>\nEn fait, contrefaisant les chevaliers de la Table ronde, notre fl\u00e2neur singulier poursuit sans rel\u00e2che la qu\u00eate de son graal pervers ; obtenir, non pas des images des dessous de robes qu\u2019il capture \u00e0 foison avec assurance et dext\u00e9rit\u00e9, mais l\u2019image rare de \u00ab l\u2019absence \u00bb de dessous.<br \/>\nCe d\u00e9fil\u00e9 insolite de lingerie incrust\u00e9 d\u2019\u00e9difiantes statistiques sur l\u2019intimit\u00e9 f\u00e9minine permettra-t-il \u00e0 notre sympathique voyeur de parvenir \u00e0 ses fins, d\u00e9montrant ainsi que \u00ab La \u00bb libertine n\u2019est pas une chim\u00e8re ?<\/p>\n<p> &#8212; <\/p>\n<p>VU PAR MON CHIEN<br \/>\nL&#8217;Anthologie \u00c9rotique du Cin\u00e9ma Clandestin 7<\/p>\n<p>80 minutes de film plus en bonus : 140 images extraites de nos archives et un entretien entre Christophe BIER, Jean-Pierre BOUYXOU et Alexandre DUPOUY autour de V. P. M. C.<br \/>\nCe film est un document exceptionnel et unique. Pendant les trois d\u00e9cennies des Trente Glorieuses, un amateur, parisien, oisif et fortun\u00e9, s\u2019obstine, d\u00e8s que l\u2019opportunit\u00e9 se pr\u00e9sente, \u00e0 filmer les dessous de femmes qu\u2019il croise dans la rue. Insatisfait de ses d\u00e9buts pourtant prometteurs, il con\u00e7oit au milieu des ann\u00e9es soixante une machine infernale, probablement un \u00e9tui \u00e0 saxophone qu\u2019il tient nonchalamment \u00e0 bout de bras. En toute discr\u00e9tion et impunit\u00e9, l\u2019\u00e9tui est truff\u00e9 d\u2019une cam\u00e9ra qui transmet une vision impudique saisie \u00e0 quelques centim\u00e8tres du sol. Il baptise donc ses films inavouables :      Vu par mon chien.<br \/>\nEn fait, contrefaisant les chevaliers de la Table ronde, notre fl\u00e2neur singulier poursuit sans rel\u00e2che la qu\u00eate de son graal pervers ; obtenir, non pas des images des dessous de robes qu\u2019il capture \u00e0 foison avec assurance et dext\u00e9rit\u00e9, mais l\u2019image rare de \u00ab l\u2019absence \u00bb de dessous.<br \/>\nCe d\u00e9fil\u00e9 insolite de lingerie incrust\u00e9 d\u2019\u00e9difiantes statistiques sur l\u2019intimit\u00e9 f\u00e9minine permettra-t-il \u00e0 notre sympathique voyeur de parvenir \u00e0 ses fins, d\u00e9montrant ainsi que \u00ab La \u00bb libertine n\u2019est pas une chim\u00e8re ?<\/p>\n","protected":false},"excerpt":{"rendered":"<p>L&#8217;Anthologie \u00c9rotique du Cin\u00e9ma Clandestin 7 80 minutes de film plus en bonus : 140 images extraites de nos archives et un entretien entre Christophe BIER, Jean-Pierre BOUYXOU et Alexandre DUPOUY autour de V. P. M. C. Ce film est un document exceptionnel et unique. Pendant les trois d\u00e9cennies des Trente Glorieuses, un amateur, parisien, [&#8230;]\n","protected":false},"featured_media":85,"template":"","meta":[],"product_brand":[],"product_cat":[22],"product_tag":[],"class_list":{"0":"post-86","1":"product","2":"type-product","3":"status-publish","4":"has-post-thumbnail","6":"product_cat-anthologie-erotique-du-cinema-clandestin","8":"first","9":"instock","10":"shipping-taxable","11":"purchasable","12":"product-type-simple"},"_links":{"self":[{"href":"https:\/\/www.editionsastarte.com\/en\/wp-json\/wp\/v2\/product\/86","targetHints":{"allow":["GET"]}}],"collection":[{"href":"https:\/\/www.editionsastarte.com\/en\/wp-json\/wp\/v2\/product"}],"about":[{"href":"https:\/\/www.editionsastarte.com\/en\/wp-json\/wp\/v2\/types\/product"}],"wp:featuredmedia":[{"embeddable":true,"href":"https:\/\/www.editionsastarte.com\/en\/wp-json\/wp\/v2\/media\/85"}],"wp:attachment":[{"href":"https:\/\/www.editionsastarte.com\/en\/wp-json\/wp\/v2\/media?parent=86"}],"wp:term":[{"taxonomy":"product_brand","embeddable":true,"href":"https:\/\/www.editionsastarte.com\/en\/wp-json\/wp\/v2\/product_brand?post=86"},{"taxonomy":"product_cat","embeddable":true,"href":"https:\/\/www.editionsastarte.com\/en\/wp-json\/wp\/v2\/product_cat?post=86"},{"taxonomy":"product_tag","embeddable":true,"href":"https:\/\/www.editionsastarte.com\/en\/wp-json\/wp\/v2\/product_tag?post=86"}],"curies":[{"name":"wp","href":"https:\/\/api.w.org\/{rel}","templated":true}]}}