{"id":93,"date":"2023-01-31T13:34:53","date_gmt":"2023-01-31T12:34:53","guid":{"rendered":"http:\/\/bbbweco.cluster031.hosting.ovh.net\/editionsastarte\/produit\/lina-frido-histoire-veridique-dun-jeune-homme-devenu-danseuse-nue\/"},"modified":"2026-03-04T22:14:57","modified_gmt":"2026-03-04T21:14:57","slug":"lina-frido-histoire-veridique-dun-jeune-homme-devenu-danseuse-nue","status":"publish","type":"product","link":"https:\/\/www.editionsastarte.com\/en\/produit\/lina-frido-histoire-veridique-dun-jeune-homme-devenu-danseuse-nue\/","title":{"rendered":"LINA FRIDO. Histoire v\u00e9ridique d&#8217;un jeune homme devenu danseuse nue"},"content":{"rendered":"<p>Don Brennus Al\u00e9ra<br \/>\nUn des 300 exemplaires broch\u00e9s de 124 pages (132 x 215). Le texte est accompagn\u00e9 de dix illustrations.<br \/>\nPubli\u00e9 en 1927, Lina Frido, histoire v\u00e9ridique d\u2019un jeune homme devenu chanteuse nue est l\u2019aboutissement des aventures de Fred, \u00ab cr\u00e9ature \u00bb remarquable n\u00e9e de l\u2019esprit de Roland Br\u00e9vannes. Contrairement \u00e0 la plupart de ses confr\u00e8res pseudo-sexologues, l\u2019auteur d\u00e9crit son h\u00e9ros d\u2019un \u0153il complaisant. Ce ne sont pas les propos choqu\u00e9s, les discours moralisateurs ni m\u00eame la crudit\u00e9 des mots qui tiennent en haleine, mais une m\u00e9lodie tendre et po\u00e9tique du langage r\u00e9v\u00e9lant toute la sympathie qu\u2019il porte \u00e0 ses personnages en nous la faisant partager.<br \/>\nFred ne r\u00e9v\u00e8le jamais sa v\u00e9ritable identit\u00e9 et reste dans son r\u00f4le f\u00e9minin. L\u2019id\u00e9e de se trahir le terrorise et l\u2019excite \u00e0 la fois. Il est pr\u00eat \u00e0 tout pour \u00eatre appr\u00e9ci\u00e9, aim\u00e9 en tant que femme. Esclave des fantaisies de Myrtille sa ma\u00eetresse, il assume ce caprice de spectacle de danseuse nue, son cache-sexe devenant un trompe-sexe. Br\u00e9vannes nous attire dans l\u2019ambigu\u00eft\u00e9 des genres surnaturels, l\u00e0 o\u00f9 la confusion des sens est source de vertiges et de plaisirs \u00e9quivoques.<\/p>\n<p> &#8212; <\/p>\n<p>LINA FRIDO. Histoire v\u00e9ridique d&#8217;un jeune homme devenu danseuse nue<br \/>\nDon Brennus Al\u00e9ra<\/p>\n<p>Un des 300 exemplaires broch\u00e9s de 124 pages (132 x 215). Le texte est accompagn\u00e9 de dix illustrations.<br \/>\nPubli\u00e9 en 1927, Lina Frido, histoire v\u00e9ridique d\u2019un jeune homme devenu chanteuse nue est l\u2019aboutissement des aventures de Fred, \u00ab cr\u00e9ature \u00bb remarquable n\u00e9e de l\u2019esprit de Roland Br\u00e9vannes. Contrairement \u00e0 la plupart de ses confr\u00e8res pseudo-sexologues, l\u2019auteur d\u00e9crit son h\u00e9ros d\u2019un \u0153il complaisant. Ce ne sont pas les propos choqu\u00e9s, les discours moralisateurs ni m\u00eame la crudit\u00e9 des mots qui tiennent en haleine, mais une m\u00e9lodie tendre et po\u00e9tique du langage r\u00e9v\u00e9lant toute la sympathie qu\u2019il porte \u00e0 ses personnages en nous la faisant partager.<br \/>\nFred ne r\u00e9v\u00e8le jamais sa v\u00e9ritable identit\u00e9 et reste dans son r\u00f4le f\u00e9minin. L\u2019id\u00e9e de se trahir le terrorise et l\u2019excite \u00e0 la fois. Il est pr\u00eat \u00e0 tout pour \u00eatre appr\u00e9ci\u00e9, aim\u00e9 en tant que femme. Esclave des fantaisies de Myrtille sa ma\u00eetresse, il assume ce caprice de spectacle de danseuse nue, son cache-sexe devenant un trompe-sexe. Br\u00e9vannes nous attire dans l\u2019ambigu\u00eft\u00e9 des genres surnaturels, l\u00e0 o\u00f9 la confusion des sens est source de vertiges et de plaisirs \u00e9quivoques.<\/p>\n","protected":false},"excerpt":{"rendered":"<p>Don Brennus Al\u00e9ra Un des 300 exemplaires broch\u00e9s de 124 pages (132 x 215). Le texte est accompagn\u00e9 de dix illustrations. Publi\u00e9 en 1927, Lina Frido, histoire v\u00e9ridique d\u2019un jeune homme devenu chanteuse nue est l\u2019aboutissement des aventures de Fred, \u00ab cr\u00e9ature \u00bb remarquable n\u00e9e de l\u2019esprit de Roland Br\u00e9vannes. Contrairement \u00e0 la plupart de [&#8230;]\n","protected":false},"featured_media":87,"template":"","meta":[],"product_brand":[],"product_cat":[23],"product_tag":[],"class_list":{"0":"post-93","1":"product","2":"type-product","3":"status-publish","4":"has-post-thumbnail","6":"product_cat-collection-libertine","8":"first","9":"instock","10":"shipping-taxable","11":"purchasable","12":"product-type-simple"},"_links":{"self":[{"href":"https:\/\/www.editionsastarte.com\/en\/wp-json\/wp\/v2\/product\/93","targetHints":{"allow":["GET"]}}],"collection":[{"href":"https:\/\/www.editionsastarte.com\/en\/wp-json\/wp\/v2\/product"}],"about":[{"href":"https:\/\/www.editionsastarte.com\/en\/wp-json\/wp\/v2\/types\/product"}],"wp:featuredmedia":[{"embeddable":true,"href":"https:\/\/www.editionsastarte.com\/en\/wp-json\/wp\/v2\/media\/87"}],"wp:attachment":[{"href":"https:\/\/www.editionsastarte.com\/en\/wp-json\/wp\/v2\/media?parent=93"}],"wp:term":[{"taxonomy":"product_brand","embeddable":true,"href":"https:\/\/www.editionsastarte.com\/en\/wp-json\/wp\/v2\/product_brand?post=93"},{"taxonomy":"product_cat","embeddable":true,"href":"https:\/\/www.editionsastarte.com\/en\/wp-json\/wp\/v2\/product_cat?post=93"},{"taxonomy":"product_tag","embeddable":true,"href":"https:\/\/www.editionsastarte.com\/en\/wp-json\/wp\/v2\/product_tag?post=93"}],"curies":[{"name":"wp","href":"https:\/\/api.w.org\/{rel}","templated":true}]}}