{"id":95,"date":"2023-01-31T13:34:54","date_gmt":"2023-01-31T12:34:54","guid":{"rendered":"http:\/\/bbbweco.cluster031.hosting.ovh.net\/editionsastarte\/produit\/dernieres-cartouches\/"},"modified":"2026-04-07T19:42:26","modified_gmt":"2026-04-07T17:42:26","slug":"dernieres-cartouches","status":"publish","type":"product","link":"https:\/\/www.editionsastarte.com\/en\/produit\/dernieres-cartouches\/","title":{"rendered":"DERNI\u00c8RES CARTOUCHES"},"content":{"rendered":"<p>L&#8217;Anthologie \u00c9rotique<br \/>du Cin\u00e9ma Clandestin 6<br \/>\n82 minutes de film + bonus : 200 images extraites de nos archives &#038; pr\u00e9sentation avec extraits des 5 autres DVD<br \/>\n11 COURTS M\u00c9TRAGES <i> Derni\u00e8res cartouches &#8211; A la D\u00e9couverte de l\u2019Origine du Monde &#8211; La Pluie d\u2019Or &#8211; La Demoiselle du \u201cSans-Pareil\u201d &#8211; Dimanche d\u2019Amour &#8211; La Le\u00e7on de Piano &#8211; Bless\u00e9 et Infirmi\u00e8re &#8211; Les M\u00e9faits de l\u2019Alcool &#8211; Le R\u00eave d&#8217;apr\u00e8s le Roman d\u2019Emile Zola &#8211; R\u00e9veillon &#8211; Gaby et Mr Duryon<\/i><\/p>\n<p> &#8212; <\/p>\n<p>LAST SHOTS<br \/>\nThe Erotic Anthology<br \/>of Clandestine Films 6<\/p>\n<p>82 minutes of film + extras: 200 pictures from our<br \/>\narchives &#038; presentation including excerpts from five other DVDs.<br \/>\n11 SHORTS FILMS <i> Last Shots (around 1935, France, 5\u201914\u201d) &#8211; The Origin of the World(around 1950, France, 15\u201938\u201d) &#8211; The Golden Shower (1937, England, 8\u201921\u201d) &#8211; The Sans Pareil&#8217;s Assistant (around 1925, France, 4\u201957\u201d) &#8211; Week-end Love (around 1940, U.S.A., 7\u201945\u201d) &#8211; A Piano Lesson (around 1930, France, 4\u201904\u201d) &#8211; The Patient and the Nurse (around 1930, England, 9\u201914\u201d) &#8211; The Effects of Alcohol (around 1950, England, 10\u201928\u201d) &#8211; The Dream from E. Zola (around 1930, France, 2\u201932\u201d) &#8211; New Year Celebration (around 1950, England, 9\u201918\u201d) &#8211; Gaby and M. Hardon (around 1930, France, 4\u201933\u201d)<\/p>\n","protected":false},"excerpt":{"rendered":"<p>L&#8217;Anthologie \u00c9rotiquedu Cin\u00e9ma Clandestin 6 82 minutes de film + bonus : 200 images extraites de nos archives &#038; pr\u00e9sentation avec extraits des 5 autres DVD 11 COURTS M\u00c9TRAGES Derni\u00e8res cartouches &#8211; A la D\u00e9couverte de l\u2019Origine du Monde &#8211; La Pluie d\u2019Or &#8211; La Demoiselle du \u201cSans-Pareil\u201d &#8211; Dimanche d\u2019Amour &#8211; La Le\u00e7on de [&#8230;]\n","protected":false},"featured_media":94,"template":"","meta":[],"product_brand":[],"product_cat":[22],"product_tag":[],"class_list":{"0":"post-95","1":"product","2":"type-product","3":"status-publish","4":"has-post-thumbnail","6":"product_cat-anthologie-erotique-du-cinema-clandestin","8":"first","9":"instock","10":"shipping-taxable","11":"purchasable","12":"product-type-simple"},"_links":{"self":[{"href":"https:\/\/www.editionsastarte.com\/en\/wp-json\/wp\/v2\/product\/95","targetHints":{"allow":["GET"]}}],"collection":[{"href":"https:\/\/www.editionsastarte.com\/en\/wp-json\/wp\/v2\/product"}],"about":[{"href":"https:\/\/www.editionsastarte.com\/en\/wp-json\/wp\/v2\/types\/product"}],"wp:featuredmedia":[{"embeddable":true,"href":"https:\/\/www.editionsastarte.com\/en\/wp-json\/wp\/v2\/media\/94"}],"wp:attachment":[{"href":"https:\/\/www.editionsastarte.com\/en\/wp-json\/wp\/v2\/media?parent=95"}],"wp:term":[{"taxonomy":"product_brand","embeddable":true,"href":"https:\/\/www.editionsastarte.com\/en\/wp-json\/wp\/v2\/product_brand?post=95"},{"taxonomy":"product_cat","embeddable":true,"href":"https:\/\/www.editionsastarte.com\/en\/wp-json\/wp\/v2\/product_cat?post=95"},{"taxonomy":"product_tag","embeddable":true,"href":"https:\/\/www.editionsastarte.com\/en\/wp-json\/wp\/v2\/product_tag?post=95"}],"curies":[{"name":"wp","href":"https:\/\/api.w.org\/{rel}","templated":true}]}}